{"id":1457,"date":"2025-01-22T19:12:23","date_gmt":"2025-01-22T19:12:23","guid":{"rendered":"https:\/\/wonderstudios.dk\/?page_id=1457"},"modified":"2025-04-16T14:12:40","modified_gmt":"2025-04-16T14:12:40","slug":"medlemskab","status":"publish","type":"page","link":"https:\/\/wonderstudios.dk\/en\/medlemskab\/","title":{"rendered":"Membership"},"content":{"rendered":"<div data-elementor-type=\"wp-page\" data-elementor-id=\"1457\" class=\"elementor elementor-1457\" data-elementor-post-type=\"page\">\n\t\t\t\t\t\t<section class=\"elementor-section elementor-top-section elementor-element elementor-element-570e2b6 elementor-section-boxed elementor-section-height-default elementor-section-height-default\" data-id=\"570e2b6\" data-element_type=\"section\" data-e-type=\"section\" data-settings=\"{&quot;jet_parallax_layout_list&quot;:[]}\">\n\t\t\t\t\t\t<div class=\"elementor-container elementor-column-gap-default\">\n\t\t\t\t\t<div class=\"elementor-column elementor-col-50 elementor-top-column elementor-element elementor-element-992a089\" data-id=\"992a089\" data-element_type=\"column\" data-e-type=\"column\" data-settings=\"{&quot;background_background&quot;:&quot;classic&quot;}\">\n\t\t\t<div class=\"elementor-widget-wrap elementor-element-populated\">\n\t\t\t\t\t\t<div class=\"elementor-element elementor-element-48f6e10 elementor-widget elementor-widget-image\" data-id=\"48f6e10\" data-element_type=\"widget\" data-e-type=\"widget\" data-widget_type=\"image.default\">\n\t\t\t\t<div class=\"elementor-widget-container\">\n\t\t\t\t\t\t\t\t\t\t\t\t\t\t\t<img fetchpriority=\"high\" decoding=\"async\" width=\"1365\" height=\"2048\" src=\"https:\/\/wonderstudios.dk\/wp-content\/uploads\/2025\/01\/475129418_10235476398915677_1943218000263728009_n.jpg\" class=\"attachment-full size-full wp-image-1720\" alt=\"\" srcset=\"https:\/\/wonderstudios.dk\/wp-content\/uploads\/2025\/01\/475129418_10235476398915677_1943218000263728009_n.jpg 1365w, https:\/\/wonderstudios.dk\/wp-content\/uploads\/2025\/01\/475129418_10235476398915677_1943218000263728009_n-600x900.jpg 600w, https:\/\/wonderstudios.dk\/wp-content\/uploads\/2025\/01\/475129418_10235476398915677_1943218000263728009_n-200x300.jpg 200w, https:\/\/wonderstudios.dk\/wp-content\/uploads\/2025\/01\/475129418_10235476398915677_1943218000263728009_n-683x1024.jpg 683w, https:\/\/wonderstudios.dk\/wp-content\/uploads\/2025\/01\/475129418_10235476398915677_1943218000263728009_n-768x1152.jpg 768w, https:\/\/wonderstudios.dk\/wp-content\/uploads\/2025\/01\/475129418_10235476398915677_1943218000263728009_n-1024x1536.jpg 1024w\" sizes=\"(max-width: 1365px) 100vw, 1365px\" \/>\t\t\t\t\t\t\t\t\t\t\t\t\t\t\t<\/div>\n\t\t\t\t<\/div>\n\t\t\t\t<div class=\"elementor-element elementor-element-216663e elementor-widget elementor-widget-jet-headline\" data-id=\"216663e\" data-element_type=\"widget\" data-e-type=\"widget\" data-widget_type=\"jet-headline.default\">\n\t\t\t\t<div class=\"elementor-widget-container\">\n\t\t\t\t\t<h2 class=\"jet-headline jet-headline--direction-horizontal\"><span class=\"jet-headline__part jet-headline__first\"><span class=\"jet-headline__label\">Benefits<\/span><\/span><span class=\"jet-headline__space\">&nbsp;<\/span><\/h2>\t\t\t\t<\/div>\n\t\t\t\t<\/div>\n\t\t\t\t<div class=\"elementor-element elementor-element-7c10b62 elementor-widget elementor-widget-text-editor\" data-id=\"7c10b62\" data-element_type=\"widget\" data-e-type=\"widget\" data-widget_type=\"text-editor.default\">\n\t\t\t\t<div class=\"elementor-widget-container\">\n\t\t\t\t\t\t\t\t\t<ul>\n<li><span data-fusion-font=\"true\" data-fusion-google-font=\"Poppins\" data-fusion-google-variant=\"300\">Opportunity for special member prices when using Wonderland for activities<\/span><\/li>\n<li><span data-fusion-font=\"true\" data-fusion-google-font=\"Poppins\" data-fusion-google-variant=\"300\">Access to members' exclusive events such as Sunfall, the summer party and community weekends<\/span><\/li>\n<li><span data-fusion-font=\"true\" data-fusion-google-font=\"Poppins\" data-fusion-google-variant=\"300\">The opportunity to participate in our annual general assembly and help shape the future of the organization<\/span><\/li>\n<\/ul>\t\t\t\t\t\t\t\t<\/div>\n\t\t\t\t<\/div>\n\t\t\t\t\t<\/div>\n\t\t<\/div>\n\t\t\t\t<div class=\"elementor-column elementor-col-50 elementor-top-column elementor-element elementor-element-0fb8d4a\" data-id=\"0fb8d4a\" data-element_type=\"column\" data-e-type=\"column\">\n\t\t\t<div class=\"elementor-widget-wrap elementor-element-populated\">\n\t\t\t\t\t\t<div class=\"elementor-element elementor-element-5887b85 elementor-widget elementor-widget-jet-headline\" data-id=\"5887b85\" data-element_type=\"widget\" data-e-type=\"widget\" data-widget_type=\"jet-headline.default\">\n\t\t\t\t<div class=\"elementor-widget-container\">\n\t\t\t\t\t<h2 class=\"jet-headline jet-headline--direction-horizontal\"><span class=\"jet-headline__part jet-headline__first\"><span class=\"jet-headline__label\">Membership<\/span><\/span><span class=\"jet-headline__space\">&nbsp;<\/span><\/h2>\t\t\t\t<\/div>\n\t\t\t\t<\/div>\n\t\t\t\t<div class=\"elementor-element elementor-element-450b222 elementor-widget elementor-widget-spacer\" data-id=\"450b222\" data-element_type=\"widget\" data-e-type=\"widget\" data-widget_type=\"spacer.default\">\n\t\t\t\t<div class=\"elementor-widget-container\">\n\t\t\t\t\t\t\t<div class=\"elementor-spacer\">\n\t\t\t<div class=\"elementor-spacer-inner\"><\/div>\n\t\t<\/div>\n\t\t\t\t\t\t<\/div>\n\t\t\t\t<\/div>\n\t\t\t\t<div class=\"elementor-element elementor-element-e2339ff elementor-widget elementor-widget-spacer\" data-id=\"e2339ff\" data-element_type=\"widget\" data-e-type=\"widget\" data-widget_type=\"spacer.default\">\n\t\t\t\t<div class=\"elementor-widget-container\">\n\t\t\t\t\t\t\t<div class=\"elementor-spacer\">\n\t\t\t<div class=\"elementor-spacer-inner\"><\/div>\n\t\t<\/div>\n\t\t\t\t\t\t<\/div>\n\t\t\t\t<\/div>\n\t\t\t\t<div class=\"elementor-element elementor-element-98ad6c7 elementor-widget elementor-widget-text-editor\" data-id=\"98ad6c7\" data-element_type=\"widget\" data-e-type=\"widget\" data-widget_type=\"text-editor.default\">\n\t\t\t\t<div class=\"elementor-widget-container\">\n\t\t\t\t\t\t\t\t\t<p data-fusion-font=\"true\" data-fusion-google-font=\"Poppins\" data-fusion-google-variant=\"300\">By becoming a member of the association, you help give Wonderland and its activities a stronger voice towards local authorities, foundations and national associations such as Bifrost and DGI.<\/p>\n<p data-fusion-font=\"true\" data-fusion-google-font=\"Poppins\" data-fusion-google-variant=\"300\">When we have more members, our national associations will have better opportunities to work for our causes, which will lead to even more fantastic activities in the future.<\/p>\n<p data-fusion-font=\"true\" data-fusion-google-font=\"Poppins\" data-fusion-google-variant=\"300\">As a member of Bifrost and DGI, we also have the opportunity to apply for funding and support packages for new projects. These organizations have already provided us with resources such as a workshop container, a robotic lawnmower, fences and a bath trolley for Wonderland.<\/p>\n<p data-fusion-font=\"true\" data-fusion-google-font=\"Poppins\" data-fusion-google-variant=\"300\">Additionally, your membership helps keep prices low and quality high, so we can continue to offer activities at Wonderland for many years to come.<\/p>\t\t\t\t\t\t\t\t<\/div>\n\t\t\t\t<\/div>\n\t\t\t\t<div class=\"elementor-element elementor-element-4784907 elementor-widget elementor-widget-spacer\" data-id=\"4784907\" data-element_type=\"widget\" data-e-type=\"widget\" data-widget_type=\"spacer.default\">\n\t\t\t\t<div class=\"elementor-widget-container\">\n\t\t\t\t\t\t\t<div class=\"elementor-spacer\">\n\t\t\t<div class=\"elementor-spacer-inner\"><\/div>\n\t\t<\/div>\n\t\t\t\t\t\t<\/div>\n\t\t\t\t<\/div>\n\t\t\t\t<div class=\"elementor-element elementor-element-578f3d1 elementor-widget elementor-widget-text-editor\" data-id=\"578f3d1\" data-element_type=\"widget\" data-e-type=\"widget\" data-widget_type=\"text-editor.default\">\n\t\t\t\t<div class=\"elementor-widget-container\">\n\t\t\t\t\t\t\t\t\t<p><b>The price for membership is 100 Danish kroner for the period from January 1 to December 31.<\/b><\/p>\t\t\t\t\t\t\t\t<\/div>\n\t\t\t\t<\/div>\n\t\t\t\t<div class=\"elementor-element elementor-element-1482ac0 elementor-align-justify elementor-widget elementor-widget-button\" data-id=\"1482ac0\" data-element_type=\"widget\" data-e-type=\"widget\" data-widget_type=\"button.default\">\n\t\t\t\t<div class=\"elementor-widget-container\">\n\t\t\t\t\t\t\t\t\t<div class=\"elementor-button-wrapper\">\n\t\t\t\t\t<a class=\"elementor-button elementor-button-link elementor-size-sm\" href=\"https:\/\/bifrost.foreninglet.dk\/memberportal\/subscribe\/newmember\/57517\/0\" target=\"_blank\">\n\t\t\t\t\t\t<span class=\"elementor-button-content-wrapper\">\n\t\t\t\t\t\t\t\t\t<span class=\"elementor-button-text\">Opret medlemskab her<\/span>\n\t\t\t\t\t<\/span>\n\t\t\t\t\t<\/a>\n\t\t\t\t<\/div>\n\t\t\t\t\t\t\t\t<\/div>\n\t\t\t\t<\/div>\n\t\t\t\t\t<\/div>\n\t\t<\/div>\n\t\t\t\t\t<\/div>\n\t\t<\/section>\n\t\t\t\t<\/div>","protected":false},"excerpt":{"rendered":"<p>Fordele&nbsp; Mulighed for s\u00e6rlige medlemspriser n\u00e5r du bruger Wonderland til aktiviteter Adgang til medlemmernes eksklusive arrangementer som Sunfall, sommerfesten og f\u00e6llesskabsweekender Muligheden for at deltage i vores \u00e5rlige generalforsamling og v\u00e6re med til at forme organisationens fremtid Medlemskab&nbsp; Ved at blive medlem af foreningen hj\u00e6lper du med at give Wonderland og dets aktiviteter en st\u00e6rkere [&hellip;]<\/p>\n","protected":false},"author":1,"featured_media":0,"parent":0,"menu_order":0,"comment_status":"closed","ping_status":"closed","template":"","meta":{"_jet_sm_ready_style":"","_jet_sm_style":"","_jet_sm_controls_values":"","_jet_sm_fonts_collection":"","_jet_sm_fonts_links":"","footnotes":""},"class_list":["post-1457","page","type-page","status-publish","hentry"],"yoast_head":"<!-- This site is optimized with the Yoast SEO Premium plugin v26.3 (Yoast SEO v27.3) - https:\/\/yoast.com\/product\/yoast-seo-premium-wordpress\/ -->\n<title>Medlemskab - Wonder Studios<\/title>\n<meta name=\"robots\" content=\"index, follow, max-snippet:-1, max-image-preview:large, max-video-preview:-1\" \/>\n<link rel=\"canonical\" href=\"https:\/\/wonderstudios.dk\/en\/medlemskab\/\" \/>\n<meta property=\"og:locale\" content=\"en_US\" \/>\n<meta property=\"og:type\" content=\"article\" \/>\n<meta property=\"og:title\" content=\"Medlemskab\" \/>\n<meta property=\"og:description\" content=\"Fordele&nbsp; Mulighed for s\u00e6rlige medlemspriser n\u00e5r du bruger Wonderland til aktiviteter Adgang til medlemmernes eksklusive arrangementer som Sunfall, sommerfesten og f\u00e6llesskabsweekender Muligheden for at deltage i vores \u00e5rlige generalforsamling og v\u00e6re med til at forme organisationens fremtid Medlemskab&nbsp; Ved at blive medlem af foreningen hj\u00e6lper du med at give Wonderland og dets aktiviteter en st\u00e6rkere [&hellip;]\" \/>\n<meta property=\"og:url\" content=\"https:\/\/wonderstudios.dk\/en\/medlemskab\/\" \/>\n<meta property=\"og:site_name\" content=\"Wonder Studios\" \/>\n<meta property=\"article:publisher\" content=\"https:\/\/www.facebook.com\/wonstu\" \/>\n<meta property=\"article:modified_time\" content=\"2025-04-16T14:12:40+00:00\" \/>\n<meta property=\"og:image\" content=\"https:\/\/wonderstudios.dk\/wp-content\/uploads\/2025\/01\/475129418_10235476398915677_1943218000263728009_n.jpg\" \/>\n\t<meta property=\"og:image:width\" content=\"1365\" \/>\n\t<meta property=\"og:image:height\" content=\"2048\" \/>\n\t<meta property=\"og:image:type\" content=\"image\/jpeg\" \/>\n<meta name=\"twitter:card\" content=\"summary_large_image\" \/>\n<meta name=\"twitter:label1\" content=\"Est. reading time\" \/>\n\t<meta name=\"twitter:data1\" content=\"2 minutes\" \/>\n<script type=\"application\/ld+json\" class=\"yoast-schema-graph\">{\"@context\":\"https:\\\/\\\/schema.org\",\"@graph\":[{\"@type\":\"WebPage\",\"@id\":\"https:\\\/\\\/wonderstudios.dk\\\/medlemskab\\\/\",\"url\":\"https:\\\/\\\/wonderstudios.dk\\\/medlemskab\\\/\",\"name\":\"Medlemskab - Wonder Studios\",\"isPartOf\":{\"@id\":\"https:\\\/\\\/wonderstudios.dk\\\/#website\"},\"primaryImageOfPage\":{\"@id\":\"https:\\\/\\\/wonderstudios.dk\\\/medlemskab\\\/#primaryimage\"},\"image\":{\"@id\":\"https:\\\/\\\/wonderstudios.dk\\\/medlemskab\\\/#primaryimage\"},\"thumbnailUrl\":\"https:\\\/\\\/wonderstudios.dk\\\/wp-content\\\/uploads\\\/2025\\\/01\\\/475129418_10235476398915677_1943218000263728009_n.jpg\",\"datePublished\":\"2025-01-22T19:12:23+00:00\",\"dateModified\":\"2025-04-16T14:12:40+00:00\",\"breadcrumb\":{\"@id\":\"https:\\\/\\\/wonderstudios.dk\\\/medlemskab\\\/#breadcrumb\"},\"inLanguage\":\"en-US\",\"potentialAction\":[{\"@type\":\"ReadAction\",\"target\":[\"https:\\\/\\\/wonderstudios.dk\\\/medlemskab\\\/\"]}]},{\"@type\":\"ImageObject\",\"inLanguage\":\"en-US\",\"@id\":\"https:\\\/\\\/wonderstudios.dk\\\/medlemskab\\\/#primaryimage\",\"url\":\"https:\\\/\\\/wonderstudios.dk\\\/wp-content\\\/uploads\\\/2025\\\/01\\\/475129418_10235476398915677_1943218000263728009_n.jpg\",\"contentUrl\":\"https:\\\/\\\/wonderstudios.dk\\\/wp-content\\\/uploads\\\/2025\\\/01\\\/475129418_10235476398915677_1943218000263728009_n.jpg\"},{\"@type\":\"BreadcrumbList\",\"@id\":\"https:\\\/\\\/wonderstudios.dk\\\/medlemskab\\\/#breadcrumb\",\"itemListElement\":[{\"@type\":\"ListItem\",\"position\":1,\"name\":\"Home\",\"item\":\"https:\\\/\\\/wonderstudios.dk\\\/\"},{\"@type\":\"ListItem\",\"position\":2,\"name\":\"Medlemskab\"}]},{\"@type\":\"WebSite\",\"@id\":\"https:\\\/\\\/wonderstudios.dk\\\/#website\",\"url\":\"https:\\\/\\\/wonderstudios.dk\\\/\",\"name\":\"Wonder Studios\",\"description\":\"Kulturoplevelser p\u00e5 Lolland-Falster\",\"publisher\":{\"@id\":\"https:\\\/\\\/wonderstudios.dk\\\/#organization\"},\"potentialAction\":[{\"@type\":\"SearchAction\",\"target\":{\"@type\":\"EntryPoint\",\"urlTemplate\":\"https:\\\/\\\/wonderstudios.dk\\\/?s={search_term_string}\"},\"query-input\":{\"@type\":\"PropertyValueSpecification\",\"valueRequired\":true,\"valueName\":\"search_term_string\"}}],\"inLanguage\":\"en-US\"},{\"@type\":\"Organization\",\"@id\":\"https:\\\/\\\/wonderstudios.dk\\\/#organization\",\"name\":\"Wonder Studios\",\"url\":\"https:\\\/\\\/wonderstudios.dk\\\/\",\"logo\":{\"@type\":\"ImageObject\",\"inLanguage\":\"en-US\",\"@id\":\"https:\\\/\\\/wonderstudios.dk\\\/#\\\/schema\\\/logo\\\/image\\\/\",\"url\":\"https:\\\/\\\/wonderstudios.dk\\\/wp-content\\\/uploads\\\/2018\\\/05\\\/wonder_logo.png\",\"contentUrl\":\"https:\\\/\\\/wonderstudios.dk\\\/wp-content\\\/uploads\\\/2018\\\/05\\\/wonder_logo.png\",\"width\":75,\"height\":65,\"caption\":\"Wonder Studios\"},\"image\":{\"@id\":\"https:\\\/\\\/wonderstudios.dk\\\/#\\\/schema\\\/logo\\\/image\\\/\"},\"sameAs\":[\"https:\\\/\\\/www.facebook.com\\\/wonstu\"]}]}<\/script>\n<!-- \/ Yoast SEO Premium plugin. -->","yoast_head_json":{"title":"Medlemskab - Wonder Studios","robots":{"index":"index","follow":"follow","max-snippet":"max-snippet:-1","max-image-preview":"max-image-preview:large","max-video-preview":"max-video-preview:-1"},"canonical":"https:\/\/wonderstudios.dk\/en\/medlemskab\/","og_locale":"en_US","og_type":"article","og_title":"Medlemskab","og_description":"Fordele&nbsp; Mulighed for s\u00e6rlige medlemspriser n\u00e5r du bruger Wonderland til aktiviteter Adgang til medlemmernes eksklusive arrangementer som Sunfall, sommerfesten og f\u00e6llesskabsweekender Muligheden for at deltage i vores \u00e5rlige generalforsamling og v\u00e6re med til at forme organisationens fremtid Medlemskab&nbsp; Ved at blive medlem af foreningen hj\u00e6lper du med at give Wonderland og dets aktiviteter en st\u00e6rkere [&hellip;]","og_url":"https:\/\/wonderstudios.dk\/en\/medlemskab\/","og_site_name":"Wonder Studios","article_publisher":"https:\/\/www.facebook.com\/wonstu","article_modified_time":"2025-04-16T14:12:40+00:00","og_image":[{"width":1365,"height":2048,"url":"https:\/\/wonderstudios.dk\/wp-content\/uploads\/2025\/01\/475129418_10235476398915677_1943218000263728009_n.jpg","type":"image\/jpeg"}],"twitter_card":"summary_large_image","twitter_misc":{"Est. reading time":"2 minutes"},"schema":{"@context":"https:\/\/schema.org","@graph":[{"@type":"WebPage","@id":"https:\/\/wonderstudios.dk\/medlemskab\/","url":"https:\/\/wonderstudios.dk\/medlemskab\/","name":"Medlemskab - Wonder Studios","isPartOf":{"@id":"https:\/\/wonderstudios.dk\/#website"},"primaryImageOfPage":{"@id":"https:\/\/wonderstudios.dk\/medlemskab\/#primaryimage"},"image":{"@id":"https:\/\/wonderstudios.dk\/medlemskab\/#primaryimage"},"thumbnailUrl":"https:\/\/wonderstudios.dk\/wp-content\/uploads\/2025\/01\/475129418_10235476398915677_1943218000263728009_n.jpg","datePublished":"2025-01-22T19:12:23+00:00","dateModified":"2025-04-16T14:12:40+00:00","breadcrumb":{"@id":"https:\/\/wonderstudios.dk\/medlemskab\/#breadcrumb"},"inLanguage":"en-US","potentialAction":[{"@type":"ReadAction","target":["https:\/\/wonderstudios.dk\/medlemskab\/"]}]},{"@type":"ImageObject","inLanguage":"en-US","@id":"https:\/\/wonderstudios.dk\/medlemskab\/#primaryimage","url":"https:\/\/wonderstudios.dk\/wp-content\/uploads\/2025\/01\/475129418_10235476398915677_1943218000263728009_n.jpg","contentUrl":"https:\/\/wonderstudios.dk\/wp-content\/uploads\/2025\/01\/475129418_10235476398915677_1943218000263728009_n.jpg"},{"@type":"BreadcrumbList","@id":"https:\/\/wonderstudios.dk\/medlemskab\/#breadcrumb","itemListElement":[{"@type":"ListItem","position":1,"name":"Home","item":"https:\/\/wonderstudios.dk\/"},{"@type":"ListItem","position":2,"name":"Medlemskab"}]},{"@type":"WebSite","@id":"https:\/\/wonderstudios.dk\/#website","url":"https:\/\/wonderstudios.dk\/","name":"Wonder Studios","description":"Kulturoplevelser p\u00e5 Lolland-Falster","publisher":{"@id":"https:\/\/wonderstudios.dk\/#organization"},"potentialAction":[{"@type":"SearchAction","target":{"@type":"EntryPoint","urlTemplate":"https:\/\/wonderstudios.dk\/?s={search_term_string}"},"query-input":{"@type":"PropertyValueSpecification","valueRequired":true,"valueName":"search_term_string"}}],"inLanguage":"en-US"},{"@type":"Organization","@id":"https:\/\/wonderstudios.dk\/#organization","name":"Wonder Studios","url":"https:\/\/wonderstudios.dk\/","logo":{"@type":"ImageObject","inLanguage":"en-US","@id":"https:\/\/wonderstudios.dk\/#\/schema\/logo\/image\/","url":"https:\/\/wonderstudios.dk\/wp-content\/uploads\/2018\/05\/wonder_logo.png","contentUrl":"https:\/\/wonderstudios.dk\/wp-content\/uploads\/2018\/05\/wonder_logo.png","width":75,"height":65,"caption":"Wonder Studios"},"image":{"@id":"https:\/\/wonderstudios.dk\/#\/schema\/logo\/image\/"},"sameAs":["https:\/\/www.facebook.com\/wonstu"]}]}},"_links":{"self":[{"href":"https:\/\/wonderstudios.dk\/en\/wp-json\/wp\/v2\/pages\/1457","targetHints":{"allow":["GET"]}}],"collection":[{"href":"https:\/\/wonderstudios.dk\/en\/wp-json\/wp\/v2\/pages"}],"about":[{"href":"https:\/\/wonderstudios.dk\/en\/wp-json\/wp\/v2\/types\/page"}],"author":[{"embeddable":true,"href":"https:\/\/wonderstudios.dk\/en\/wp-json\/wp\/v2\/users\/1"}],"replies":[{"embeddable":true,"href":"https:\/\/wonderstudios.dk\/en\/wp-json\/wp\/v2\/comments?post=1457"}],"version-history":[{"count":7,"href":"https:\/\/wonderstudios.dk\/en\/wp-json\/wp\/v2\/pages\/1457\/revisions"}],"predecessor-version":[{"id":9025,"href":"https:\/\/wonderstudios.dk\/en\/wp-json\/wp\/v2\/pages\/1457\/revisions\/9025"}],"wp:attachment":[{"href":"https:\/\/wonderstudios.dk\/en\/wp-json\/wp\/v2\/media?parent=1457"}],"curies":[{"name":"wp","href":"https:\/\/api.w.org\/{rel}","templated":true}]}}