{"id":1859,"date":"2025-02-05T10:55:36","date_gmt":"2025-02-05T10:55:36","guid":{"rendered":"https:\/\/wonderstudios.dk\/?page_id=1859"},"modified":"2025-02-05T10:55:36","modified_gmt":"2025-02-05T10:55:36","slug":"vilkaar-og-betingelser","status":"publish","type":"page","link":"https:\/\/wonderstudios.dk\/en\/vilkaar-og-betingelser\/","title":{"rendered":"Terms and conditions"},"content":{"rendered":"<h2 class=\"wp-block-heading\">Terms and conditions<\/h2>\n\n\n\n<p>Velkommen til Wonder studios!<\/p>\n\n\n\n<p>Disse vilk\u00e5r og betingelser skitserer reglerne og reglerne for brugen af Wonder studios\u2019 hjemmeside, som er placeret p\u00e5 www.wonderstudios.dk.<\/p>\n\n\n\n<p>Ved at g\u00e5 ind p\u00e5 denne hjemmeside antager vi, at du accepterer disse vilk\u00e5r og betingelser. Forts\u00e6t ikke med at bruge Wonder studios, hvis du ikke accepterer alle de vilk\u00e5r og betingelser, der er angivet p\u00e5 denne side.<\/p>\n\n\n\n<p>F\u00f8lgende terminologi g\u00e6lder for disse vilk\u00e5r og betingelser, fortrolighedserkl\u00e6ring og ansvarsfraskrivelse og alle aftaler: \u201cKunde\u201d, \u201cdig\u201d og \u201cdin\u201d refererer til dig, den person, der logger p\u00e5 denne hjemmeside og er i overensstemmelse med virksomhedens vilk\u00e5r og betingelser. \u201cVirksomheden\u201d, \u201cOs selv\u201d, \u201cVi\u201d, \u201cVores\u201d og \u201cOs\u201d, refererer til vores virksomhed. \u201cPart\u201d, \u201cParter\u201d eller \u201cOs\u201d, refererer til b\u00e5de Kunden og os selv. Alle vilk\u00e5r refererer til tilbuddet, accepten og modydelsen af betaling, der er n\u00f8dvendig for at gennemf\u00f8re processen med vores assistance til kunden p\u00e5 den mest passende m\u00e5de med det udtrykkelige form\u00e5l at opfylde kundens behov med hensyn til leveringen af virksomhedens angivne tjenester, i i overensstemmelse med og underlagt g\u00e6ldende dansk lovgivning. Enhver brug af ovenst\u00e5ende terminologi eller andre ord i ental, flertal, store bogstaver og\/eller han\/hun eller de, opfattes som udskiftelige og derfor henvise til det samme.<\/p>\n\n\n\n<h3 class=\"wp-block-heading\"><strong>Cookies<\/strong><\/h3>\n\n\n\n<p>Vi anvender brugen af cookies. Ved at tilg\u00e5 Wonder studios accepterede du at bruge cookies i overensstemmelse med Wonder studios\u2019 privatlivspolitik.<\/p>\n\n\n\n<p>De fleste interaktive websteder bruger cookies til at lade os hente brugerens detaljer for hvert bes\u00f8g. Cookies bruges af vores hjemmeside for at aktivere funktionaliteten af visse omr\u00e5der for at g\u00f8re det nemmere for folk, der bes\u00f8ger vores hjemmeside. Nogle af vores tilknyttede\/annonceringspartnere kan ogs\u00e5 bruge cookies.<\/p>\n\n\n\n<h3 class=\"wp-block-heading\"><strong>License<\/strong><\/h3>\n\n\n\n<p>Medmindre andet er angivet, ejer Wonder studios og\/eller dets licensgivere de intellektuelle ejendomsrettigheder til alt materiale p\u00e5 Wonder studios. Alle intellektuelle ejendomsrettigheder er forbeholdt. Du kan f\u00e5 adgang til dette fra Wonder studios til dit eget personlige brug, underlagt begr\u00e6nsninger angivet i disse vilk\u00e5r og betingelser.<\/p>\n\n\n\n<p>Du m\u00e5 ikke:<\/p>\n\n\n\n<ul class=\"wp-block-list\">\n<li>Genudgiv materiale fra Wonder studios<\/li>\n\n\n\n<li>S\u00e6lg, leje eller underlicenser materiale fra Wonder studios<\/li>\n\n\n\n<li>Gengiv, dupliker eller kopier materiale fra Wonder studios<\/li>\n\n\n\n<li>Videredistribuer indhold fra Wonder Studios<\/li>\n\n\n\n<li>Denne aftale begynder p\u00e5 datoen herfor.<\/li>\n<\/ul>\n\n\n\n<p>Dele af denne hjemmeside giver brugere mulighed for at poste og udveksle meninger og information i visse omr\u00e5der af hjemmesiden. Wonder studios filtrerer, redigerer, offentligg\u00f8r eller anmelder ikke kommentarer f\u00f8r deres tilstedev\u00e6relse p\u00e5 hjemmesiden. Kommentarer afspejler ikke synspunkter og meninger fra Wonder studios, dets agenter og\/eller tilknyttede selskaber. Kommentarer afspejler synspunkter og meninger fra den person, der poster deres synspunkter og meninger. I det omfang det er tilladt i henhold til g\u00e6ldende love, er Wonder studios ikke ansvarlige for kommentarerne eller for noget ansvar, skader eller udgifter for\u00e5rsaget og\/eller lidt som f\u00f8lge af enhver brug af og\/eller udstationering af og\/eller fremkomst af kommentarerne p\u00e5 denne hjemmeside.<\/p>\n\n\n\n<p>Wonder studios forbeholder sig retten til at overv\u00e5ge alle kommentarer og fjerne eventuelle kommentarer, som kan betragtes som upassende, st\u00f8dende eller for\u00e5rsage et brud p\u00e5 disse vilk\u00e5r og betingelser.<\/p>\n\n\n\n<p>Du garanterer og repr\u00e6senterer, at:<\/p>\n\n\n\n<ul class=\"wp-block-list\">\n<li>Du er berettiget til at skrive kommentarerne p\u00e5 vores hjemmeside og har alle n\u00f8dvendige licenser og samtykker til at g\u00f8re det;<\/li>\n\n\n\n<li>Kommentarerne invaderer ikke nogen intellektuel ejendomsret, herunder uden begr\u00e6nsning ophavsret, patent eller varem\u00e6rke tilh\u00f8rende nogen tredjepart;<\/li>\n\n\n\n<li>Kommentarerne indeholder ikke noget \u00e6rekr\u00e6nkende, injurierende, st\u00f8dende, us\u00f8mmeligt eller p\u00e5 anden m\u00e5de ulovligt materiale, som er en kr\u00e6nkelse af privatlivets fred<\/li>\n\n\n\n<li>Kommentarer vil ikke blive brugt til at anmode om eller promovere forretninger eller tilpassede eller pr\u00e6sentere kommercielle aktiviteter eller ulovlig aktivitet.<\/li>\n<\/ul>\n\n\n\n<p>Du giver hermed Wonder studios en ikke-eksklusiv licens til at bruge, reproducere, redigere og autorisere andre til at bruge, reproducere og redigere enhver af dine kommentarer i enhver og alle former, formater eller medier.<\/p>\n\n\n\n<h3 class=\"wp-block-heading\">Hyperlink til vores indhold<\/h3>\n\n\n\n<p>F\u00f8lgende organisationer kan linke til vores hjemmeside uden forudg\u00e5ende skriftlig godkendelse:<\/p>\n\n\n\n<ul class=\"wp-block-list\">\n<li>Regerings kontorer;<\/li>\n\n\n\n<li>S\u00f8gemaskiner;<\/li>\n\n\n\n<li>Nyhedsorganisationer;<\/li>\n\n\n\n<li>Online katalogdistribut\u00f8rer kan linke til vores hjemmeside p\u00e5 samme m\u00e5de som de hyperlinker til hjemmesider for andre b\u00f8rsnoterede virksomheder; og<\/li>\n\n\n\n<li>Systemd\u00e6kkende akkrediterede virksomheder undtagen opfordring til non-profit organisationer, velg\u00f8rende indk\u00f8bscentre og velg\u00f8rende fundraising-grupper, som muligvis ikke hyperlinker til vores websted.<\/li>\n<\/ul>\n\n\n\n<p>Disse organisationer kan linke til vores hjemmeside, til publikationer eller til anden hjemmesideinformation, s\u00e5 l\u00e6nge linket: (a) ikke p\u00e5 nogen m\u00e5de er vildledende; (b) ikke fejlagtigt indeb\u00e6rer sponsorering, godkendelse eller godkendelse af den linkende part og dennes produkter og\/eller tjenester; og (c) passer ind i konteksten af den linkende parts websted.<\/p>\n\n\n\n<p>Vi kan overveje og godkende andre linkanmodninger fra f\u00f8lgende typer organisationer:<\/p>\n\n\n\n<ul class=\"wp-block-list\">\n<li>almindeligt kendte forbruger- og\/eller forretningsinformationskilder;<\/li>\n\n\n\n<li>dot.com-f\u00e6llesskabswebsteder;<\/li>\n\n\n\n<li>foreninger eller andre grupper, der repr\u00e6senterer velg\u00f8rende organisationer;<\/li>\n\n\n\n<li>online katalogdistribut\u00f8rer;<\/li>\n\n\n\n<li>internetportaler;<\/li>\n\n\n\n<li>regnskabs-, advokat- og konsulentvirksomheder; og<\/li>\n\n\n\n<li>uddannelsesinstitutioner og brancheforeninger.<\/li>\n<\/ul>\n\n\n\n<p>Vi vil godkende linkanmodninger fra disse organisationer, hvis vi beslutter, at: (a) linket ikke ville f\u00e5 os til at se ugunstigt ud for os selv eller vores akkrediterede virksomheder; (b) organisationen ikke har nogen negative fortegnelser hos os; (c) fordelen for os ved hyperlinkets synlighed kompenserer frav\u00e6ret af Wonder studios, og (d) linket er i sammenh\u00e6ng med generel ressourceinformation.<\/p>\n\n\n\n<p>Disse organisationer kan linke til vores hjemmeside, s\u00e5 l\u00e6nge linket: (a) ikke p\u00e5 nogen m\u00e5de er vildledende; (b) ikke fejlagtigt antyder sponsorering, godkendelse eller godkendelse af den tilknyttede part og dennes produkter eller tjenester; og (c) passer ind i konteksten af den linkende parts websted.<\/p>\n\n\n\n<p>Hvis du er en af de organisationer, der er anf\u00f8rt i afsnit 2 ovenfor og er interesseret i at linke til vores hjemmeside, skal du informere os ved at sende en e-mail til Wonder studios. Inkluder venligst dit navn, din organisations navn, kontaktoplysninger samt webadressen p\u00e5 dit websted, en liste over eventuelle webadresser, hvorfra du har til hensigt at linke til vores websted, og en liste over de webadresser p\u00e5 vores websted, som du gerne vil link. Vent 2-3 uger p\u00e5 svar.<\/p>\n\n\n\n<p>Godkendte organisationer kan hyperlinke til vores hjemmeside som f\u00f8lger:<\/p>\n\n\n\n<p>Ved brug af vores firmanavn; eller<\/p>\n\n\n\n<p>Ved at bruge den ensartede ressource locator, der er knyttet til; eller<\/p>\n\n\n\n<p>Ved at bruge enhver anden beskrivelse af vores hjemmeside, der linkes til, giver det mening inden for konteksten og formatet af indholdet p\u00e5 den linkende parts side.<\/p>\n\n\n\n<p>Ingen brug af Wonder Studios\u2019 logo eller andre kunstv\u00e6rker vil v\u00e6re tilladt til link uden en varem\u00e6rkelicensaftale.<\/p>\n\n\n\n<h3 class=\"wp-block-heading\">Indholdsansvar<\/h3>\n\n\n\n<p>Vi kan ikke holdes ansvarlige for noget indhold, der vises p\u00e5 din hjemmeside. Du accepterer at beskytte og forsvare os mod alle krav, der rejser sig p\u00e5 din hjemmeside. Der m\u00e5 ikke vises nogen links p\u00e5 nogen hjemmeside, der kan fortolkes som injurierende, uanst\u00e6ndig eller kriminel, eller som kr\u00e6nker, p\u00e5 anden m\u00e5de kr\u00e6nker eller fortaler for kr\u00e6nkelse eller anden kr\u00e6nkelse af tredjeparts rettigheder.<\/p>\n\n\n\n<h3 class=\"wp-block-heading\"><strong>Privatliv<\/strong><\/h3>\n\n\n\n<p><a href=\"https:\/\/wonderstudios.dk\/en\/terms-conditions\/privatlivs-politik\/\">L\u00e6s mere her<\/a><\/p>\n\n\n\n<h3 class=\"wp-block-heading\">Rettighedsforbehold<\/h3>\n\n\n\n<p>Vi forbeholder os retten til at anmode dig om at fjerne alle links eller ethvert specifikt link til vores hjemmeside. Du godkender straks at fjerne alle links til vores hjemmeside efter anmodning. Vi forbeholder os ogs\u00e5 retten til at \u00e6ndre disse vilk\u00e5r og betingelser og dens linkpolitik til enhver tid. Ved l\u00f8bende at linke til vores hjemmeside, accepterer du at v\u00e6re bundet til og f\u00f8lge disse linkningsvilk\u00e5r og -betingelser.<\/p>\n\n\n\n<h3 class=\"wp-block-heading\">Fjernelse af links fra vores hjemmeside<\/h3>\n\n\n\n<p>Hvis du finder et link p\u00e5 vores hjemmeside, der er st\u00f8dende af en eller anden grund, er du fri til at kontakte og informere os til enhver tid. Vi vil overveje anmodninger om at fjerne links, men vi er ikke forpligtet til eller at svare dig direkte.<\/p>\n\n\n\n<p>Vi sikrer ikke, at oplysningerne p\u00e5 denne hjemmeside er korrekte, vi garanterer ikke for fuldst\u00e6ndigheden eller n\u00f8jagtigheden; Vi lover heller ikke at sikre, at hjemmesiden forbliver tilg\u00e6ngelig, eller at materialet p\u00e5 hjemmesiden holdes ajour.<\/p>\n\n\n\n<h3 class=\"wp-block-heading\"><strong>Disclaimer<\/strong><\/h3>\n\n\n\n<p>I det maksimale omfang tilladt i henhold til g\u00e6ldende lovgivning, udelukker vi alle repr\u00e6sentationer, garantier og betingelser i forbindelse med vores hjemmeside og brugen af denne hjemmeside. Intet i denne ansvarsfraskrivelse vil:<\/p>\n\n\n\n<ul class=\"wp-block-list\">\n<li>begr\u00e6nse eller udelukke vores eller dit ansvar for d\u00f8dsfald eller personskade;<\/li>\n\n\n\n<li>begr\u00e6nse eller udelukke vores eller dit ansvar for bedrageri eller svigagtig vildledning;<\/li>\n\n\n\n<li>begr\u00e6nse ethvert af vores eller dine forpligtelser p\u00e5 nogen m\u00e5de, som ikke er tilladt i henhold til g\u00e6ldende lovgivning; eller<\/li>\n\n\n\n<li>udelukke ethvert af vores eller dine forpligtelser, som muligvis ikke er udelukket i henhold til g\u00e6ldende lovgivning.<\/li>\n<\/ul>\n\n\n\n<p>De begr\u00e6nsninger og forbud mod ansvar, der er angivet i dette afsnit og andre steder i denne ansvarsfraskrivelse: (a) er underlagt det foreg\u00e5ende afsnit; og (b) regulerer alle forpligtelser, der opst\u00e5r i henhold til ansvarsfraskrivelsen, herunder forpligtelser, der opst\u00e5r i kontrakt, erstatningsansvar og for brud p\u00e5 lovbestemte pligter.<\/p>\n\n\n\n<p>S\u00e5 l\u00e6nge hjemmesiden og informationerne og tjenesterne p\u00e5 hjemmesiden leveres gratis, er vi ikke ansvarlige for tab eller skade af nogen art.<\/p>\n\n\n\n<p><strong>Betaling<\/strong><\/p>\n\n\n\n<h3 class=\"wp-block-heading\"><strong>Pricer og gebyrer<\/strong><\/h3>\n\n\n\n<p>Alle priser indeholder ikke moms og andre afgifter, medmindre andet er udtrykkeligt angivet.<\/p>\n\n\n\n<p>Prisen p\u00e5 billetterne og tilf\u00f8jelserne, servicen eller produktet tr\u00e6kkes fra kundens valgte kreditkort , n\u00e5r ordren er bekr\u00e6ftet.<\/p>\n\n\n\n<p><strong>Levering<\/strong><\/p>\n\n\n\n<p>Alle digitale billetter leveres som pdf til kundens e-mail ved vellykket betaling. Nogle tilf\u00f8jelser kan v\u00e6re fysiske og leveres efterf\u00f8lgende som defineret p\u00e5 produktet.<\/p>\n\n\n\n<h2 class=\"wp-block-heading\"><\/h2>\n\n\n\n<p><strong>Anullering<\/strong><\/p>\n\n\n\n<p>Efter \u201cLov om visse forbrugeraftaler \u00a7 17, stk. 2, jf. \u00a7 9, stk. 2, stk. 2a\u201d, er k\u00f8b af billetter ikke omfattet af fortrydelsesretten. Billet- og administrationsgebyrer kan ikke refunderes.<\/p>\n\n\n\n<p><strong>Organisering og aflysning af arrangementer<\/strong><\/p>\n\n\n\n<p>Wonder studios eller begivenheden forbeholder sig retten til at annullere et k\u00f8b af en billet eller tilf\u00f8jelser til enhver tid.<\/p>\n\n\n\n<h2 class=\"wp-block-heading\"><\/h2>\n\n\n\n<p><strong>Manglende billet<\/strong><\/p>\n\n\n\n<p>Mister du din billet, s\u00e5 kontakt os p\u00e5 invoice@wonderstudios.dk, s\u00e5 fors\u00f8ger vi at finde din billet i vores system.<\/p>\n\n\n\n<h2 class=\"wp-block-heading\"><\/h2>\n\n\n\n<p><strong>Ansvarsbegr\u00e6nsning<\/strong><\/p>\n\n\n\n<p>Wonder studios kan ikke holdes ansvarlig for tabte data som f\u00f8lge af systemnedbrud, svigt i egne systemer, svigt af underleverand\u00f8rsystemer eller lignende.<\/p>\n\n\n\n<p>Wonder studios erstatningsansvar er begr\u00e6nset til tilf\u00e6lde, hvor organisationen har udvist grov uagtsomhed eller fors\u00e6tlig forseelse. Ansvar omfatter i intet tilf\u00e6lde indirekte tab af nogen art, herunder eksempelvis driftstab, tabt avance, tab af data, tab af goodwill eller lignende.<\/p>\n\n\n\n<h2 class=\"wp-block-heading\"><\/h2>\n\n\n\n<p><strong>Force majeure<\/strong><\/p>\n\n\n\n<p>Hvis uventede og ekstraordin\u00e6re omst\u00e6ndigheder indtr\u00e6ffer uden for parternes kontrol, og som parterne ikke burde have taget hensyn til ved aftalens indg\u00e5else, og heller ikke burde have undg\u00e5et eller overvundet, herunder strejker, lock-outs, krig, IT-nedbrud, mv., er aftalens rettigheder og forpligtelser suspenderet for parterne i force majeure-perioden.<\/p>\n\n\n\n<p>Hver part er forpligtet til at g\u00f8re sit yderste for at begr\u00e6nse tab og dermed overholde sin tabsbegr\u00e6nsende forpligtelse.<\/p>\n\n\n\n<h2 class=\"wp-block-heading\"><\/h2>\n\n\n\n<p><strong>Klager<\/strong><\/p>\n\n\n\n<p>Klager over k\u00f8b gennem vores hjemmeside, som ikke kan l\u00f8ses i mindelighed mellem Fritiddk og kunden, kan i nogle tilf\u00e6lde indbringes af kunden til Center for Klage, Konkurrence- og Forbrugerstyrelsen, Carl Jacobsens Vej 35, 2500 Valby, http : \/\/www.forbrug. com \/ Klage, og derefter Forbrugerklagen\u00e6vnet, samme adresse, samt klager kan bringes til EU\u2019s nye online klageplatform, Online Dispute Resolution (ODR), http:\/\/ec.europa.eu\/odr.<\/p>\n\n\n\n<p>Wonder studios support: contact@wonderstudios.dk<\/p>\n\n\n\n<p><strong>Tvister<\/strong><\/p>\n\n\n\n<p>Tvister mellem arrang\u00f8ren, billetk\u00f8beren og\/eller Wonder studios behandles i henhold til dansk lovgivning af K\u00f8benhavns Kommune som passende m\u00f8dested.<\/p>\n\n\n\n<p><strong>Overf\u00f8rsel af billetter<\/strong><\/p>\n\n\n\n<p>Som regel kan du ikke overf\u00f8re billetter eller tilf\u00f8jelser til andre deltagere, medmindre arrang\u00f8rerne for arrangementerne allerede har godkendt det.<\/p>\n\n\n\n<p>Kontakt venligst eventarrang\u00f8rerne for mere information.<\/p>","protected":false},"excerpt":{"rendered":"<p>Vilk\u00e5r og betingelser Velkommen til Wonder studios! Disse vilk\u00e5r og betingelser skitserer reglerne og reglerne for brugen af Wonder studios\u2019 hjemmeside, som er placeret p\u00e5 www.wonderstudios.dk. Ved at g\u00e5 ind p\u00e5 denne hjemmeside antager vi, at du accepterer disse vilk\u00e5r og betingelser. Forts\u00e6t ikke med at bruge Wonder studios, hvis du ikke accepterer alle de [&hellip;]<\/p>\n","protected":false},"author":1,"featured_media":0,"parent":0,"menu_order":0,"comment_status":"closed","ping_status":"closed","template":"","meta":{"_jet_sm_ready_style":"","_jet_sm_style":"","_jet_sm_controls_values":"","_jet_sm_fonts_collection":"","_jet_sm_fonts_links":"","footnotes":""},"class_list":["post-1859","page","type-page","status-publish","hentry"],"yoast_head":"<!-- This site is optimized with the Yoast SEO Premium plugin v26.3 (Yoast SEO v27.3) - https:\/\/yoast.com\/product\/yoast-seo-premium-wordpress\/ -->\n<title>Vilk\u00e5r og betingelser - Wonder Studios<\/title>\n<meta name=\"robots\" content=\"index, follow, max-snippet:-1, max-image-preview:large, max-video-preview:-1\" \/>\n<link rel=\"canonical\" href=\"https:\/\/wonderstudios.dk\/en\/vilkaar-og-betingelser\/\" \/>\n<meta property=\"og:locale\" content=\"en_US\" \/>\n<meta property=\"og:type\" content=\"article\" \/>\n<meta property=\"og:title\" content=\"Vilk\u00e5r og betingelser\" \/>\n<meta property=\"og:description\" content=\"Vilk\u00e5r og betingelser Velkommen til Wonder studios! Disse vilk\u00e5r og betingelser skitserer reglerne og reglerne for brugen af Wonder studios\u2019 hjemmeside, som er placeret p\u00e5 www.wonderstudios.dk. Ved at g\u00e5 ind p\u00e5 denne hjemmeside antager vi, at du accepterer disse vilk\u00e5r og betingelser. Forts\u00e6t ikke med at bruge Wonder studios, hvis du ikke accepterer alle de [&hellip;]\" \/>\n<meta property=\"og:url\" content=\"https:\/\/wonderstudios.dk\/en\/vilkaar-og-betingelser\/\" \/>\n<meta property=\"og:site_name\" content=\"Wonder Studios\" \/>\n<meta property=\"article:publisher\" content=\"https:\/\/www.facebook.com\/wonstu\" \/>\n<meta name=\"twitter:card\" content=\"summary_large_image\" \/>\n<meta name=\"twitter:label1\" content=\"Est. reading time\" \/>\n\t<meta name=\"twitter:data1\" content=\"10 minutes\" \/>\n<script type=\"application\/ld+json\" class=\"yoast-schema-graph\">{\"@context\":\"https:\\\/\\\/schema.org\",\"@graph\":[{\"@type\":\"WebPage\",\"@id\":\"https:\\\/\\\/wonderstudios.dk\\\/vilkaar-og-betingelser\\\/\",\"url\":\"https:\\\/\\\/wonderstudios.dk\\\/vilkaar-og-betingelser\\\/\",\"name\":\"Vilk\u00e5r og betingelser - Wonder Studios\",\"isPartOf\":{\"@id\":\"https:\\\/\\\/wonderstudios.dk\\\/#website\"},\"datePublished\":\"2025-02-05T10:55:36+00:00\",\"breadcrumb\":{\"@id\":\"https:\\\/\\\/wonderstudios.dk\\\/vilkaar-og-betingelser\\\/#breadcrumb\"},\"inLanguage\":\"en-US\",\"potentialAction\":[{\"@type\":\"ReadAction\",\"target\":[\"https:\\\/\\\/wonderstudios.dk\\\/vilkaar-og-betingelser\\\/\"]}]},{\"@type\":\"BreadcrumbList\",\"@id\":\"https:\\\/\\\/wonderstudios.dk\\\/vilkaar-og-betingelser\\\/#breadcrumb\",\"itemListElement\":[{\"@type\":\"ListItem\",\"position\":1,\"name\":\"Home\",\"item\":\"https:\\\/\\\/wonderstudios.dk\\\/\"},{\"@type\":\"ListItem\",\"position\":2,\"name\":\"Vilk\u00e5r og betingelser\"}]},{\"@type\":\"WebSite\",\"@id\":\"https:\\\/\\\/wonderstudios.dk\\\/#website\",\"url\":\"https:\\\/\\\/wonderstudios.dk\\\/\",\"name\":\"Wonder Studios\",\"description\":\"Kulturoplevelser p\u00e5 Lolland-Falster\",\"publisher\":{\"@id\":\"https:\\\/\\\/wonderstudios.dk\\\/#organization\"},\"potentialAction\":[{\"@type\":\"SearchAction\",\"target\":{\"@type\":\"EntryPoint\",\"urlTemplate\":\"https:\\\/\\\/wonderstudios.dk\\\/?s={search_term_string}\"},\"query-input\":{\"@type\":\"PropertyValueSpecification\",\"valueRequired\":true,\"valueName\":\"search_term_string\"}}],\"inLanguage\":\"en-US\"},{\"@type\":\"Organization\",\"@id\":\"https:\\\/\\\/wonderstudios.dk\\\/#organization\",\"name\":\"Wonder Studios\",\"url\":\"https:\\\/\\\/wonderstudios.dk\\\/\",\"logo\":{\"@type\":\"ImageObject\",\"inLanguage\":\"en-US\",\"@id\":\"https:\\\/\\\/wonderstudios.dk\\\/#\\\/schema\\\/logo\\\/image\\\/\",\"url\":\"https:\\\/\\\/wonderstudios.dk\\\/wp-content\\\/uploads\\\/2018\\\/05\\\/wonder_logo.png\",\"contentUrl\":\"https:\\\/\\\/wonderstudios.dk\\\/wp-content\\\/uploads\\\/2018\\\/05\\\/wonder_logo.png\",\"width\":75,\"height\":65,\"caption\":\"Wonder Studios\"},\"image\":{\"@id\":\"https:\\\/\\\/wonderstudios.dk\\\/#\\\/schema\\\/logo\\\/image\\\/\"},\"sameAs\":[\"https:\\\/\\\/www.facebook.com\\\/wonstu\"]}]}<\/script>\n<!-- \/ Yoast SEO Premium plugin. -->","yoast_head_json":{"title":"Vilk\u00e5r og betingelser - Wonder Studios","robots":{"index":"index","follow":"follow","max-snippet":"max-snippet:-1","max-image-preview":"max-image-preview:large","max-video-preview":"max-video-preview:-1"},"canonical":"https:\/\/wonderstudios.dk\/en\/vilkaar-og-betingelser\/","og_locale":"en_US","og_type":"article","og_title":"Vilk\u00e5r og betingelser","og_description":"Vilk\u00e5r og betingelser Velkommen til Wonder studios! Disse vilk\u00e5r og betingelser skitserer reglerne og reglerne for brugen af Wonder studios\u2019 hjemmeside, som er placeret p\u00e5 www.wonderstudios.dk. Ved at g\u00e5 ind p\u00e5 denne hjemmeside antager vi, at du accepterer disse vilk\u00e5r og betingelser. Forts\u00e6t ikke med at bruge Wonder studios, hvis du ikke accepterer alle de [&hellip;]","og_url":"https:\/\/wonderstudios.dk\/en\/vilkaar-og-betingelser\/","og_site_name":"Wonder Studios","article_publisher":"https:\/\/www.facebook.com\/wonstu","twitter_card":"summary_large_image","twitter_misc":{"Est. reading time":"10 minutes"},"schema":{"@context":"https:\/\/schema.org","@graph":[{"@type":"WebPage","@id":"https:\/\/wonderstudios.dk\/vilkaar-og-betingelser\/","url":"https:\/\/wonderstudios.dk\/vilkaar-og-betingelser\/","name":"Vilk\u00e5r og betingelser - Wonder Studios","isPartOf":{"@id":"https:\/\/wonderstudios.dk\/#website"},"datePublished":"2025-02-05T10:55:36+00:00","breadcrumb":{"@id":"https:\/\/wonderstudios.dk\/vilkaar-og-betingelser\/#breadcrumb"},"inLanguage":"en-US","potentialAction":[{"@type":"ReadAction","target":["https:\/\/wonderstudios.dk\/vilkaar-og-betingelser\/"]}]},{"@type":"BreadcrumbList","@id":"https:\/\/wonderstudios.dk\/vilkaar-og-betingelser\/#breadcrumb","itemListElement":[{"@type":"ListItem","position":1,"name":"Home","item":"https:\/\/wonderstudios.dk\/"},{"@type":"ListItem","position":2,"name":"Vilk\u00e5r og betingelser"}]},{"@type":"WebSite","@id":"https:\/\/wonderstudios.dk\/#website","url":"https:\/\/wonderstudios.dk\/","name":"Wonder Studios","description":"Kulturoplevelser p\u00e5 Lolland-Falster","publisher":{"@id":"https:\/\/wonderstudios.dk\/#organization"},"potentialAction":[{"@type":"SearchAction","target":{"@type":"EntryPoint","urlTemplate":"https:\/\/wonderstudios.dk\/?s={search_term_string}"},"query-input":{"@type":"PropertyValueSpecification","valueRequired":true,"valueName":"search_term_string"}}],"inLanguage":"en-US"},{"@type":"Organization","@id":"https:\/\/wonderstudios.dk\/#organization","name":"Wonder Studios","url":"https:\/\/wonderstudios.dk\/","logo":{"@type":"ImageObject","inLanguage":"en-US","@id":"https:\/\/wonderstudios.dk\/#\/schema\/logo\/image\/","url":"https:\/\/wonderstudios.dk\/wp-content\/uploads\/2018\/05\/wonder_logo.png","contentUrl":"https:\/\/wonderstudios.dk\/wp-content\/uploads\/2018\/05\/wonder_logo.png","width":75,"height":65,"caption":"Wonder Studios"},"image":{"@id":"https:\/\/wonderstudios.dk\/#\/schema\/logo\/image\/"},"sameAs":["https:\/\/www.facebook.com\/wonstu"]}]}},"_links":{"self":[{"href":"https:\/\/wonderstudios.dk\/en\/wp-json\/wp\/v2\/pages\/1859","targetHints":{"allow":["GET"]}}],"collection":[{"href":"https:\/\/wonderstudios.dk\/en\/wp-json\/wp\/v2\/pages"}],"about":[{"href":"https:\/\/wonderstudios.dk\/en\/wp-json\/wp\/v2\/types\/page"}],"author":[{"embeddable":true,"href":"https:\/\/wonderstudios.dk\/en\/wp-json\/wp\/v2\/users\/1"}],"replies":[{"embeddable":true,"href":"https:\/\/wonderstudios.dk\/en\/wp-json\/wp\/v2\/comments?post=1859"}],"version-history":[{"count":1,"href":"https:\/\/wonderstudios.dk\/en\/wp-json\/wp\/v2\/pages\/1859\/revisions"}],"predecessor-version":[{"id":1860,"href":"https:\/\/wonderstudios.dk\/en\/wp-json\/wp\/v2\/pages\/1859\/revisions\/1860"}],"wp:attachment":[{"href":"https:\/\/wonderstudios.dk\/en\/wp-json\/wp\/v2\/media?parent=1859"}],"curies":[{"name":"wp","href":"https:\/\/api.w.org\/{rel}","templated":true}]}}