{"id":9028,"date":"2025-04-18T14:51:13","date_gmt":"2025-04-18T14:51:13","guid":{"rendered":"https:\/\/wonderstudios.dk\/?page_id=9028"},"modified":"2025-04-18T14:51:58","modified_gmt":"2025-04-18T14:51:58","slug":"haandtering-af-personsager","status":"publish","type":"page","link":"https:\/\/wonderstudios.dk\/en\/haandtering-af-personsager\/","title":{"rendered":"H\u00e5ndtering af personsager"},"content":{"rendered":"<p>En personsag er som udgangspunkt at en person har udf\u00f8rt upassende opf\u00f8rsel(eller brud p\u00e5 dansk lovgivning). Dette vil blive behandlet som skrevet i dette dokument.<\/p>\n\n\n\n<p>N\u00e5r du deltager i Wonder Studios-aktiviteter har du altid mulighed for at kontakte organisationen omkring en konkret h\u00e6ndelse og f\u00e5 hj\u00e6lp og st\u00f8tte. Hvis du er utryg ved at deltage i en Wonder studios aktivitet eller hvis du har v\u00e6ret udsat for en ubehagelig oplevelse i forbindelse med en anden person p\u00e5 Wonderland har vi en procedure klar for at h\u00e5ndtere det. Hvis det det sv\u00e6rt for dig at tage kontakt alene, er du velkommen til at f\u00e5 en anden til at tage kontakten. I det tilf\u00e6lde skal vi se en fuldmagt fra dig, s\u00e5 vi er sikre p\u00e5, du \u00f8nsker sagen indberetter. En fuldmagt kan v\u00e6re en email eller sms fra dig, hvor du fort\u00e6lle os, at du er indforst\u00e5et med, den anden person indberetter din sag.<\/p>\n\n\n\n<h3 class=\"wp-block-heading\" id=\"h-nbsp\">&nbsp;<\/h3>\n\n\n\n<h3 class=\"wp-block-heading\" id=\"h-sadan-gor-du-under-et-arrangement\"><strong>S\u00e5dan g\u00f8r du \u2013 under et arrangement<\/strong><\/h3>\n\n\n\n<ol class=\"wp-block-list\">\n<li>Har du oplevet noget du \u00f8nsker at indberette, er det ofte mest effektive at f\u00e5 det behandlet t\u00e6ttest muligt hvor det er sket. Dels for hurtig behandling, men ogs\u00e5 for at dem som skal hj\u00e6lpe dig kan f\u00e5 det bedst mulige indblik i situation.<\/li>\n\n\n\n<li>Kontakt derfor en tryghedsv\u00e6rt (som vi bestr\u00e6ber os efter at have til alle arrangementer). Er der ikke s\u00e5danne, kontakt da en arrang\u00f8r eller sikkerhedspersonale.<\/li>\n\n\n\n<li>P\u00e5 den m\u00e5de sikrer vi, at du bliver set og h\u00f8rt hurtigst muligt.<\/li>\n<\/ol>\n\n\n\n<p>\u00d8nsker du at indberette sagen til nogen uden for arrangementet kan du i stedet g\u00f8re som beskrevet i \u201cS\u00e5dan g\u00f8r du \u2013 f\u00f8r eller efter et arrangement\u201d, hvor sagen vil blive behandlet efter arrangementet.<\/p>\n\n\n\n<p>Bem\u00e6rk nogle af vores aktiviteter har et udvidet sikkerheds retningslinjer der ligger ud over foreningens egne. Find dette hvor \u00f8vrig info om arrangementet er.<\/p>\n\n\n\n<p>Alle sager, der behandles til et arrangement, vil blive sendt til bestyrelses safe-mail.<\/p>\n\n\n\n<h3 class=\"wp-block-heading\" id=\"h-sadan-gor-du-for-eller-efter-et-arrangement\"><strong>S\u00e5dan g\u00f8r du \u2013 f\u00f8r eller efter et arrangement<\/strong><\/h3>\n\n\n\n<ol class=\"wp-block-list\">\n<li>Skriv til Tryghedsudvalget p\u00e5 safe@wonderstudios.dk<\/li>\n\n\n\n<li>Den bliver behandlet p\u00e5 n\u00e6stkommende m\u00f8de i Tryghedsudvalget der behandler sagen og tager eventuel kontakt til indvolverede.<\/li>\n\n\n\n<li>Efterf\u00f8lgende orienteres bestyrelsen om sagen med en anbefaling til handling. Dette kan v\u00e6re om der er brug for at f\u00e5 udsendt advarsler og i v\u00e6rste tilf\u00e6lde karant\u00e6ner for brud p\u00e5 foreningens eller aktivitetens retningslinjer for sikker deltagelse.<\/li>\n\n\n\n<li>Bestyrelsen m\u00f8des hver m\u00e5ned, men hvis sagen vurderes som akut, m\u00f8des vi ekstraordin\u00e6rt.<\/li>\n<\/ol>\n\n\n\n<p>Du kan altid v\u00e6lge at kontakte Bestyrelsen direkte p\u00e5 contact@wonderstudios.dk<\/p>\n\n\n\n<h3 class=\"wp-block-heading\" id=\"h-vores-process\"><strong>Vores process<\/strong><\/h3>\n\n\n\n<p><strong>Fortrolighed<\/strong><\/p>\n\n\n\n<p>Bestyrelsen og arrang\u00f8rer arbejder ud fra et fortroligheds princip. Det betyder at vi ikke fort\u00e6ller udefrakommende om, hvem der har henvende sig til os. I tilf\u00e6lde af anklager mod navngivne personer, vil vi som udgangspunkt h\u00f8re begge parter og om n\u00f8dvendigt ogs\u00e5 eventuelle vidner i sagen. Dette skridt er n\u00f8dvendigt for, at vi kan tr\u00e6ffe en beslutning p\u00e5 et ordentligt grundlag.<\/p>\n\n\n\n<p>Bestyrelsen kommenterer ikke personsager offentlig, men vi forbeholder os retten til at underrette hovedarrang\u00f8ren og sikkerheds ansvarlig for aktiviteten.<\/p>\n\n\n\n<p><strong>Risikovurdering<\/strong><\/p>\n\n\n\n<p>N\u00e5r bestyrelsen h\u00e5ndterer en personsag, laver vi en risikovurdering p\u00e5 den person, du har henvendt dig om. Vi vurdere, om det er sandsynligt, personen vil gentage sin u\u00f8nskede handling i foreningen. Vi ser blandt andet p\u00e5:<\/p>\n\n\n\n<ul class=\"wp-block-list\">\n<li>Er der en straffesag i gang p\u00e5 sagen med sigtelse, eller ligger der en afg\u00f8relse fra en domstol?<\/li>\n\n\n\n<li>Har personen en historik for at opf\u00f8re sig som anmeldt?<\/li>\n\n\n\n<li>Alvorsgraden, samt frekvens af, hvad du har oplevet eller er bange for kan ske.<\/li>\n\n\n\n<li>\u00d8nske om at indg\u00e5 i dialog og finde en l\u00f8sning (s\u00e5som at deltage i konfliktm\u00e6gling, se nedenfor)<\/li>\n<\/ul>\n\n\n\n<p>Vi ser det som sk\u00e6rpende omst\u00e6ndigheder, n\u00e5r en bestyrelse\/arrang\u00f8r\/NPC\/holdleder eller anden ansvarlig person er involveret, eller hvis en mindre\u00e5rig person er involveret.<\/p>\n\n\n\n<p><strong>Vores beslutning<\/strong><\/p>\n\n\n\n<p>N\u00e5r der er truffet en afg\u00f8relse i den personsag, du er involveret i, vil du modtage en skriftlig besked om bestyrelsens beslutning.<\/p>\n\n\n\n<p><strong>Konfliktm\u00e6gling<\/strong><\/p>\n\n\n\n<p>Vi vil altid gerne hj\u00e6lpe og hvis der er brug for konfliktm\u00e6gling, vil vi g\u00f8re vores bedste for at bidrage til at facilitere dette. Her har b\u00e5de du og den anden part ret til en bisidder eller en stedfortr\u00e6der. Et eventuelt konflikt m\u00e6glingsm\u00f8de kan b\u00e5de foreg\u00e5 fysisk eller digitalt. For at konfliktm\u00e6gling kan starte kr\u00e6ver det alle parter \u00f8nsker det.<\/p>\n\n\n\n<p>En l\u00f8sning kan f.eks. v\u00e6re at personen holder sig for at kontakte dig n\u00e5r I begge deltager i foreningens aktiviteter.<\/p>\n\n\n\n<p>Hvis det vurderes at en person er en risiko for medlemmer, frivillige eller andre personer der er til aktiviteten, vil personen blive kontaktet og bedt om at \u00e6ndring sin v\u00e6rem\u00e5de til aktiviteterne eller blive sat i karant\u00e6ne i 1-3 \u00e5r.<\/p>\n\n\n\n<p><strong>Vi kan ikke klare alt<\/strong><\/p>\n\n\n\n<p>Da vi er frivillige er der en anerkendelse af at vi ikke kan l\u00f8se alle problemer, og vil s\u00f8ge ekstern hj\u00e6lp hvis n\u00f8dvendigt fks, <a href=\"https:\/\/offerraadgivning.dk\/\">https:\/\/offerraadgivning.dk\/<\/a><\/p>\n\n\n\n<p>Selv om vi ikke kan udtale os om folks privat sager har vi stadig en indberetningspligt i forhold til grov overtr\u00e6delse af dansk straffelov.<\/p>\n\n\n\n<p><strong>Inhabil<\/strong><\/p>\n\n\n\n<p>Medlemmer af udvalget\/bestyrelsen kan meldes inhabil. I tilf\u00e6lde af inhabilitet vil det betyde at personen ikke kan deltage til beslutning processes.<\/p>\n\n\n\n<ul class=\"wp-block-list\">\n<li>Inhabilitet kan v\u00e6re hvis.<\/li>\n\n\n\n<li>Medlemmet er en del af sagen.<\/li>\n\n\n\n<li>Medlemmet er i familie eller i forhold med involverede parter.<\/li>\n<\/ul>\n\n\n\n<p>Det kan forekomme at en person melder sig selv inhabil af andre \u00e5rsager.<\/p>\n\n\n\n<p><strong>Udmelding af afg\u00f8relse til parterne<\/strong><\/p>\n\n\n\n<p>Hvis der tr\u00e6ffer en afg\u00f8relse, udsendes et skriv til parterne. Dette opsummerer sagen og beskriver hvad der er afg\u00f8relsen, og hvad afg\u00f8relsen best\u00e5r i.<\/p>\n\n\n\n<p><strong>Hvor l\u00e6nge gemmer vi din sag?<\/strong><\/p>\n\n\n\n<p>Vi gemmer henvendelser og relevante information for sager i op til 5 \u00e5r, for at kunne bed\u00f8mme om brud p\u00e5 vores regler for sikker deltagelse bliver overtr\u00e5dt igen efter en karant\u00e6ne.<\/p>\n\n\n\n<p><strong>Baggrund for denne process<\/strong><\/p>\n\n\n\n<p>Vi henviser til foreningens retningslinjer for udelukkelse <a href=\"https:\/\/docs.google.com\/document\/d\/1qG0zoVscXNfklOckAqXX02quqrPi5JIX\/edit?usp=sharing&amp;ouid=113251110869118892313&amp;rtpof=true&amp;sd=true\">here<\/a><\/p>\n\n\n\n<p><\/p>\n\n\n\n<p>Som udgangspunkt vil trygheds udvalget af mindst 1 bestyrelsesmedlem, 1 fra projektet som klagen omhandler(Sunfall, Cyberpunk etc.)<\/p>\n\n\n\n<p><strong>Foreningens retningslinjer for god opf\u00f8rsel i foreningen<\/strong><\/p>\n\n\n\n<p>Giv klart og \u00e6rligt \u201cJa\u201d eller \u201cNej\u201d, hvis du bliver bedt om samtykke.<\/p>\n\n\n\n<p>Hvis en anden deltager beder dig om at stoppe, s\u00e5 stop og lyt.<\/p>\n\n\n\n<p>Respekter andres gr\u00e6nser, selvom de er anderledes end dine.<\/p>\n\n\n\n<p>Konfronter dine med deltagere, hvis du ser dem opf\u00f8re sig p\u00e5 en m\u00e5de, der strider mod vores foreningens retningslinjer.<\/p>\n\n\n\n<p>Bliv ikke for beruset til vores aktiviteter.<\/p>\n\n\n\n<p>S\u00f8g samtykke fra den anden part, f\u00f8r du involverer romantisk og seksualitet til aktiviteter.<\/p>\n\n\n\n<p><\/p>\n\n\n\n<p><\/p>\n\n\n\n<h2 class=\"wp-block-heading\"><strong>Handling of personal matters<\/strong><\/h2>\n\n\n\n<p>A personal case is a person engaged in inappropriate behavior (or a breach of Danish legislation). It will be handled as written in this document.<\/p>\n\n\n\n<p>When you participate in Wonder Studios activities, you always have the opportunity to contact the organization about a specific incident and get help and support. If you are uneasy about participating in a Wonder studio activity or if you have been exposed to an unpleasant experience in connection with another person at Wonderland, we have a procedure in place to deal with it. If it is difficult for you to make contact alone, you are welcome to have someone else make contact. In that case, we need to see a power of attorney from you, so we are sure you want to report the matter. A power of attorney can be an email or text message telling us that you agree with the other person reporting your issue.<\/p>\n\n\n\n<h3 class=\"wp-block-heading\">&nbsp;<\/h3>\n\n\n\n<h3 class=\"wp-block-heading\"><strong>During an event or acitivity.<\/strong><\/h3>\n\n\n\n<ol class=\"wp-block-list\">\n<li>Suppose you have experienced something you want to report. In that case, it is often most effective to have it dealt with as close as possible to where it happened, partly for quick treatment so those who will help you can get the best possible insight into the situation.<\/li>\n\n\n\n<li>Therefore, contact a security host (which we strive to have for all events). If there are none, get an organizer or security personnel.<\/li>\n\n\n\n<li>P\u00e5 den m\u00e5de sikrer vi, at du bliver set og h\u00f8rt hurtigst muligt.<\/li>\n<\/ol>\n\n\n\n<p>This way, we ensure that you are seen and heard as soon as possible. If you wish to report the matter to someone outside the event, you can do as described in \u201cHow to do it \u2013 before or after an event,\u201d where the matter will be dealt with after the event.<\/p>\n\n\n\n<p>Note that some of our activities have extended safety guidelines beyond the association\u2019s own. Find this where other info about the event is. All cases processed for an event will be sent to our safe email.<\/p>\n\n\n\n<h3 class=\"wp-block-heading\"><strong>Before or after an event.<\/strong><\/h3>\n\n\n\n<ol class=\"wp-block-list\">\n<li>Please write to the Safety Committee at safe@wonderstudios.dk.<\/li>\n\n\n\n<li>We will proceed with the Security Committee\u2019s next meeting, which will deal with the matter and make possible contact with those involved.<\/li>\n\n\n\n<li>Subsequently, the Board is informed about the subject with a recommendation for action. It can be if there is a need to issue warnings and, in the worst case, quarantines for breaking the association\u2019s or activity\u2019s guidelines for safe participation.<\/li>\n\n\n\n<li>The Board meets every month, but we meet exceptionally if the matter is deemed urgent.<\/li>\n<\/ol>\n\n\n\n<p>You can always choose to contact the Board directly at contact@wonderstudios.dk<\/p>\n\n\n\n<h3 class=\"wp-block-heading\"><strong>Our Process<\/strong><\/h3>\n\n\n\n<p><strong>Confidentiality<\/strong><\/p>\n\n\n\n<p>The Board and organizers work based on a principle of confidentiality. This means that we do not tell outsiders about who has contacted us. In the case of accusations against named persons, we will generally hear both parties and, if necessary, also any witnesses in the case. This step is essential for us to decide on a proper basis.<\/p>\n\n\n\n<p>The Board does not comment on personal matters publicly, but we reserve the right to notify the main organizer and security officer of the activity.<\/p>\n\n\n\n<p><strong>Risk assessment<\/strong><\/p>\n\n\n\n<p>When the Board handles a personal matter, we make a risk assessment of the person you have contacted. We assess whether it is likely that the person will repeat his unwanted action in the association. Among other things, we look at:<\/p>\n\n\n\n<ul class=\"wp-block-list\">\n<li>Is there a criminal case pending on the matter with charges, or is there a decision from a court?<\/li>\n\n\n\n<li>Does the person have a history of behaving as reported?<\/li>\n\n\n\n<li>The severity and frequency of what you have experienced or feared may happen.<\/li>\n\n\n\n<li>Desire to engage in dialogue and find a solution (such as participating in conflict mediation, see below)<\/li>\n<\/ul>\n\n\n\n<p>We see it as aggravating circumstances when a board\/organizer\/NPC\/team leader or other responsible person is involved or if a minor is involved.<\/p>\n\n\n\n<p><strong>Our decision<\/strong><\/p>\n\n\n\n<p>When a decision has been made in a personal matter you are involved in, you will receive written notification of the Board\u2019s decision.<\/p>\n\n\n\n<p><strong>Conflict mediation<\/strong><\/p>\n\n\n\n<p>We always want to help, and if conflict mediation is needed, we will do our best to help facilitate this. Here, you and the other party have the right to a co-sitter or a deputy. A potential conflict mediation meeting can take place either physically or digitally. For conflict mediation to start, all parties must want it.<\/p>\n\n\n\n<p>A solution can e.g., be that the person sticks to contacting you when you both participate in the association\u2019s activities.<\/p>\n\n\n\n<p>If it is assessed that a person is a risk to members, volunteers, or other people who are at the activity. In that case, the person will be contacted and asked to change their behavior for the activities or be quarantined for 1-3 years.<\/p>\n\n\n\n<p>We can\u2019t handle everything.<\/p>\n\n\n\n<p>As volunteers, we acknowledge that we cannot solve all problems and will seek external help if necessary, for example, https:\/\/offerraadgivning.dk\/.<\/p>\n\n\n\n<p>Although we cannot comment on people\u2019s private matters, we still have a duty to report serious violations of Danish criminal law.<\/p>\n\n\n\n<p><strong>Incapability<\/strong><\/p>\n\n\n\n<p>Members of the committee\/board can be declared ineligible. In the event of Incapability, this will mean that the person cannot participate in decision-making processes.<\/p>\n\n\n\n<p>Incapability can be if.<\/p>\n\n\n\n<ul class=\"wp-block-list\">\n<li>The member is part of the matter.<\/li>\n\n\n\n<li>The member is in the family or a relationship with involved parties.<\/li>\n\n\n\n<li>A person may declare himself incapable for other reasons.<\/li>\n<\/ul>\n\n\n\n<p><strong>Announcement of the decision to the parties<\/strong><\/p>\n\n\n\n<p>When a decision is made, a letter is sent by email to the parties. This summarizes the case and describes what the decision is and consists of.<\/p>\n\n\n\n<p><strong>How long do we store your case?<\/strong><\/p>\n\n\n\n<p>We save inquiries and relevant information for cases for up to 5 years to assess whether breaches of our rules for safe participation are violated again after a quarantine.<\/p>\n\n\n\n<p><strong>Background for this process<\/strong><\/p>\n\n\n\n<p>We refer to the communities guidelines for exclusion here.<\/p>\n\n\n\n<p>As a starting point, the safety committee of at least one board member, one from the project to which the complaint relates (Sunfall, Cyberpunk, etc.)<\/p>\n\n\n\n<p><strong>The communities guidelines for good behavior in the association<\/strong><\/p>\n\n\n\n<ol class=\"wp-block-list\">\n<li>If another participant asks you to stop, stop and listen.<\/li>\n\n\n\n<li>Respect other people\u2019s boundaries, even if they are different from yours.<\/li>\n\n\n\n<li>Confront your fellow participants if you see them behaving in a way that goes against our communities guidelines.<\/li>\n\n\n\n<li>Don\u2019t get too drunk at our activities.<\/li>\n\n\n\n<li>Seek consent from the other party before involving romance and sexuality in activities.<\/li>\n\n\n\n<li>Give a clear and honest \u201cYes\u201d or \u201cNo\u201d if asked for consent.<\/li>\n<\/ol>","protected":false},"excerpt":{"rendered":"<p>En personsag er som udgangspunkt at en person har udf\u00f8rt upassende opf\u00f8rsel(eller brud p\u00e5 dansk lovgivning). Dette vil blive behandlet som skrevet i dette dokument. N\u00e5r du deltager i Wonder Studios-aktiviteter har du altid mulighed for at kontakte organisationen omkring en konkret h\u00e6ndelse og f\u00e5 hj\u00e6lp og st\u00f8tte. Hvis du er utryg ved at deltage [&hellip;]<\/p>\n","protected":false},"author":1,"featured_media":0,"parent":0,"menu_order":0,"comment_status":"closed","ping_status":"closed","template":"","meta":{"_jet_sm_ready_style":"","_jet_sm_style":"","_jet_sm_controls_values":"","_jet_sm_fonts_collection":"","_jet_sm_fonts_links":"","footnotes":""},"class_list":["post-9028","page","type-page","status-publish","hentry"],"yoast_head":"<!-- This site is optimized with the Yoast SEO Premium plugin v26.3 (Yoast SEO v27.4) - https:\/\/yoast.com\/product\/yoast-seo-premium-wordpress\/ -->\n<title>H\u00e5ndtering af personsager - Wonder Studios<\/title>\n<meta name=\"robots\" content=\"index, follow, max-snippet:-1, max-image-preview:large, max-video-preview:-1\" \/>\n<link rel=\"canonical\" href=\"https:\/\/wonderstudios.dk\/en\/haandtering-af-personsager\/\" \/>\n<meta property=\"og:locale\" content=\"en_US\" \/>\n<meta property=\"og:type\" content=\"article\" \/>\n<meta property=\"og:title\" content=\"H\u00e5ndtering af personsager\" \/>\n<meta property=\"og:description\" content=\"En personsag er som udgangspunkt at en person har udf\u00f8rt upassende opf\u00f8rsel(eller brud p\u00e5 dansk lovgivning). Dette vil blive behandlet som skrevet i dette dokument. N\u00e5r du deltager i Wonder Studios-aktiviteter har du altid mulighed for at kontakte organisationen omkring en konkret h\u00e6ndelse og f\u00e5 hj\u00e6lp og st\u00f8tte. Hvis du er utryg ved at deltage [&hellip;]\" \/>\n<meta property=\"og:url\" content=\"https:\/\/wonderstudios.dk\/en\/haandtering-af-personsager\/\" \/>\n<meta property=\"og:site_name\" content=\"Wonder Studios\" \/>\n<meta property=\"article:publisher\" content=\"https:\/\/www.facebook.com\/wonstu\" \/>\n<meta property=\"article:modified_time\" content=\"2025-04-18T14:51:58+00:00\" \/>\n<meta name=\"twitter:card\" content=\"summary_large_image\" \/>\n<meta name=\"twitter:label1\" content=\"Est. reading time\" \/>\n\t<meta name=\"twitter:data1\" content=\"12 minutes\" \/>\n<script type=\"application\/ld+json\" class=\"yoast-schema-graph\">{\"@context\":\"https:\\\/\\\/schema.org\",\"@graph\":[{\"@type\":\"WebPage\",\"@id\":\"https:\\\/\\\/wonderstudios.dk\\\/haandtering-af-personsager\\\/\",\"url\":\"https:\\\/\\\/wonderstudios.dk\\\/haandtering-af-personsager\\\/\",\"name\":\"H\u00e5ndtering af personsager - Wonder Studios\",\"isPartOf\":{\"@id\":\"https:\\\/\\\/wonderstudios.dk\\\/#website\"},\"datePublished\":\"2025-04-18T14:51:13+00:00\",\"dateModified\":\"2025-04-18T14:51:58+00:00\",\"breadcrumb\":{\"@id\":\"https:\\\/\\\/wonderstudios.dk\\\/haandtering-af-personsager\\\/#breadcrumb\"},\"inLanguage\":\"en-US\",\"potentialAction\":[{\"@type\":\"ReadAction\",\"target\":[\"https:\\\/\\\/wonderstudios.dk\\\/haandtering-af-personsager\\\/\"]}]},{\"@type\":\"BreadcrumbList\",\"@id\":\"https:\\\/\\\/wonderstudios.dk\\\/haandtering-af-personsager\\\/#breadcrumb\",\"itemListElement\":[{\"@type\":\"ListItem\",\"position\":1,\"name\":\"Home\",\"item\":\"https:\\\/\\\/wonderstudios.dk\\\/\"},{\"@type\":\"ListItem\",\"position\":2,\"name\":\"H\u00e5ndtering af personsager\"}]},{\"@type\":\"WebSite\",\"@id\":\"https:\\\/\\\/wonderstudios.dk\\\/#website\",\"url\":\"https:\\\/\\\/wonderstudios.dk\\\/\",\"name\":\"Wonder Studios\",\"description\":\"Kulturoplevelser p\u00e5 Lolland-Falster\",\"publisher\":{\"@id\":\"https:\\\/\\\/wonderstudios.dk\\\/#organization\"},\"potentialAction\":[{\"@type\":\"SearchAction\",\"target\":{\"@type\":\"EntryPoint\",\"urlTemplate\":\"https:\\\/\\\/wonderstudios.dk\\\/?s={search_term_string}\"},\"query-input\":{\"@type\":\"PropertyValueSpecification\",\"valueRequired\":true,\"valueName\":\"search_term_string\"}}],\"inLanguage\":\"en-US\"},{\"@type\":\"Organization\",\"@id\":\"https:\\\/\\\/wonderstudios.dk\\\/#organization\",\"name\":\"Wonder Studios\",\"url\":\"https:\\\/\\\/wonderstudios.dk\\\/\",\"logo\":{\"@type\":\"ImageObject\",\"inLanguage\":\"en-US\",\"@id\":\"https:\\\/\\\/wonderstudios.dk\\\/#\\\/schema\\\/logo\\\/image\\\/\",\"url\":\"https:\\\/\\\/wonderstudios.dk\\\/wp-content\\\/uploads\\\/2018\\\/05\\\/wonder_logo.png\",\"contentUrl\":\"https:\\\/\\\/wonderstudios.dk\\\/wp-content\\\/uploads\\\/2018\\\/05\\\/wonder_logo.png\",\"width\":75,\"height\":65,\"caption\":\"Wonder Studios\"},\"image\":{\"@id\":\"https:\\\/\\\/wonderstudios.dk\\\/#\\\/schema\\\/logo\\\/image\\\/\"},\"sameAs\":[\"https:\\\/\\\/www.facebook.com\\\/wonstu\"]}]}<\/script>\n<!-- \/ Yoast SEO Premium plugin. -->","yoast_head_json":{"title":"H\u00e5ndtering af personsager - Wonder Studios","robots":{"index":"index","follow":"follow","max-snippet":"max-snippet:-1","max-image-preview":"max-image-preview:large","max-video-preview":"max-video-preview:-1"},"canonical":"https:\/\/wonderstudios.dk\/en\/haandtering-af-personsager\/","og_locale":"en_US","og_type":"article","og_title":"H\u00e5ndtering af personsager","og_description":"En personsag er som udgangspunkt at en person har udf\u00f8rt upassende opf\u00f8rsel(eller brud p\u00e5 dansk lovgivning). Dette vil blive behandlet som skrevet i dette dokument. N\u00e5r du deltager i Wonder Studios-aktiviteter har du altid mulighed for at kontakte organisationen omkring en konkret h\u00e6ndelse og f\u00e5 hj\u00e6lp og st\u00f8tte. Hvis du er utryg ved at deltage [&hellip;]","og_url":"https:\/\/wonderstudios.dk\/en\/haandtering-af-personsager\/","og_site_name":"Wonder Studios","article_publisher":"https:\/\/www.facebook.com\/wonstu","article_modified_time":"2025-04-18T14:51:58+00:00","twitter_card":"summary_large_image","twitter_misc":{"Est. reading time":"12 minutes"},"schema":{"@context":"https:\/\/schema.org","@graph":[{"@type":"WebPage","@id":"https:\/\/wonderstudios.dk\/haandtering-af-personsager\/","url":"https:\/\/wonderstudios.dk\/haandtering-af-personsager\/","name":"H\u00e5ndtering af personsager - Wonder Studios","isPartOf":{"@id":"https:\/\/wonderstudios.dk\/#website"},"datePublished":"2025-04-18T14:51:13+00:00","dateModified":"2025-04-18T14:51:58+00:00","breadcrumb":{"@id":"https:\/\/wonderstudios.dk\/haandtering-af-personsager\/#breadcrumb"},"inLanguage":"en-US","potentialAction":[{"@type":"ReadAction","target":["https:\/\/wonderstudios.dk\/haandtering-af-personsager\/"]}]},{"@type":"BreadcrumbList","@id":"https:\/\/wonderstudios.dk\/haandtering-af-personsager\/#breadcrumb","itemListElement":[{"@type":"ListItem","position":1,"name":"Home","item":"https:\/\/wonderstudios.dk\/"},{"@type":"ListItem","position":2,"name":"H\u00e5ndtering af personsager"}]},{"@type":"WebSite","@id":"https:\/\/wonderstudios.dk\/#website","url":"https:\/\/wonderstudios.dk\/","name":"Wonder Studios","description":"Kulturoplevelser p\u00e5 Lolland-Falster","publisher":{"@id":"https:\/\/wonderstudios.dk\/#organization"},"potentialAction":[{"@type":"SearchAction","target":{"@type":"EntryPoint","urlTemplate":"https:\/\/wonderstudios.dk\/?s={search_term_string}"},"query-input":{"@type":"PropertyValueSpecification","valueRequired":true,"valueName":"search_term_string"}}],"inLanguage":"en-US"},{"@type":"Organization","@id":"https:\/\/wonderstudios.dk\/#organization","name":"Wonder Studios","url":"https:\/\/wonderstudios.dk\/","logo":{"@type":"ImageObject","inLanguage":"en-US","@id":"https:\/\/wonderstudios.dk\/#\/schema\/logo\/image\/","url":"https:\/\/wonderstudios.dk\/wp-content\/uploads\/2018\/05\/wonder_logo.png","contentUrl":"https:\/\/wonderstudios.dk\/wp-content\/uploads\/2018\/05\/wonder_logo.png","width":75,"height":65,"caption":"Wonder Studios"},"image":{"@id":"https:\/\/wonderstudios.dk\/#\/schema\/logo\/image\/"},"sameAs":["https:\/\/www.facebook.com\/wonstu"]}]}},"_links":{"self":[{"href":"https:\/\/wonderstudios.dk\/en\/wp-json\/wp\/v2\/pages\/9028","targetHints":{"allow":["GET"]}}],"collection":[{"href":"https:\/\/wonderstudios.dk\/en\/wp-json\/wp\/v2\/pages"}],"about":[{"href":"https:\/\/wonderstudios.dk\/en\/wp-json\/wp\/v2\/types\/page"}],"author":[{"embeddable":true,"href":"https:\/\/wonderstudios.dk\/en\/wp-json\/wp\/v2\/users\/1"}],"replies":[{"embeddable":true,"href":"https:\/\/wonderstudios.dk\/en\/wp-json\/wp\/v2\/comments?post=9028"}],"version-history":[{"count":1,"href":"https:\/\/wonderstudios.dk\/en\/wp-json\/wp\/v2\/pages\/9028\/revisions"}],"predecessor-version":[{"id":9030,"href":"https:\/\/wonderstudios.dk\/en\/wp-json\/wp\/v2\/pages\/9028\/revisions\/9030"}],"wp:attachment":[{"href":"https:\/\/wonderstudios.dk\/en\/wp-json\/wp\/v2\/media?parent=9028"}],"curies":[{"name":"wp","href":"https:\/\/api.w.org\/{rel}","templated":true}]}}