{"id":1075,"date":"2025-01-03T15:09:54","date_gmt":"2025-01-03T15:09:54","guid":{"rendered":"https:\/\/wonderstudios.dk\/?post_type=product&#038;p=1075"},"modified":"2025-09-06T07:55:55","modified_gmt":"2025-09-06T07:55:55","slug":"aaben-weekend-november","status":"publish","type":"product","link":"https:\/\/wonderstudios.dk\/en\/product\/aaben-weekend-november\/","title":{"rendered":"\u00c5ben Weekend November"},"content":{"rendered":"<div class=\"xdj266r x11i5rnm xat24cr x1mh8g0r x1vvkbs\">## ENGLISH BELOW ###<\/div>\n<div class=\"x11i5rnm xat24cr x1mh8g0r x1vvkbs xtlvy1s\">Er du klar til en weekend fyldt med kreativitet, samarbejde og hygge? Kom og v\u00e6r en del af vores m\u00e5nedlige \u00c5ben Weekend p\u00e5 Wonderland.<\/div>\n<div><\/div>\n<div class=\"x11i5rnm xat24cr x1mh8g0r x1vvkbs xtlvy1s\"><strong>Program:<\/strong><br class=\"html-br\" \/>P\u00e5 hver weekend vil der v\u00e6re nogle aktiviteter p\u00e5 omr\u00e5det og hvis du har en ide eller bruge for et specifikt omr\u00e5de til dit projekt eller aktivitet, s\u00e5 skriv gerne p\u00e5 eventet, s\u00e5 hj\u00e6lper en af vores ildsj\u00e6le dig videre.<\/div>\n<div><\/div>\n<div class=\"x11i5rnm xat24cr x1mh8g0r x1vvkbs xtlvy1s\"><strong>Praktisk:<\/strong><br class=\"html-br\" \/>N\u00e5r du tr\u00e6nger til en pause fra de mange aktiviteter, kan du slappe af og hygge dig i Villaen.<br class=\"html-br\" \/>Her er der plads til at snakke, l\u00e6se, spille br\u00e6tspil eller bare nyde en kop kaffe eller te i godt selskab.<\/div>\n<div class=\"x11i5rnm xat24cr x1mh8g0r x1vvkbs xtlvy1s\">Tilmelding:<br class=\"html-br\" \/>Aktiviteten l\u00f8ber fra fredag aften til s\u00f8ndag eftermiddag.<br class=\"html-br\" \/>Tilmelding er \u00e5ben for alle.<br class=\"html-br\" \/>Vis om du deltager her p\u00e5 Facebook.<\/div>\n<div><\/div>\n<div class=\"x11i5rnm xat24cr x1mh8g0r x1vvkbs xtlvy1s\"><strong>Pris:<\/strong><br class=\"html-br\" \/>Det er gratis at deltage.<br class=\"html-br\" \/>Vi kr\u00e6ver dog at man melder sig ind i Wonder Studios. Det koster 100 kr.<\/div>\n<div><\/div>\n<div class=\"x11i5rnm xat24cr x1mh8g0r x1vvkbs xtlvy1s\"><strong>Overnatning:<\/strong><br class=\"html-br\" \/>Det er muligt at overnatte i villaen og vi har 12 senge med madrasser.<\/div>\n<div class=\"x11i5rnm xat24cr x1mh8g0r x1vvkbs xtlvy1s\">Alt andet skal du selv medbringe.<br class=\"html-br\" \/>Vil du gerne booke en plads i villaen, s\u00e5 skriv p\u00e5 eventet, s\u00e5 hj\u00e6lper en af vores ildsj\u00e6le dig videre.<br class=\"html-br\" \/>Det er ogs\u00e5 muligt at overnatte i telt.<\/div>\n<div class=\"x11i5rnm xat24cr x1mh8g0r x1vvkbs xtlvy1s\"><strong>Sp\u00f8rgsm\u00e5l:<\/strong><br class=\"html-br\" \/>Skriv p\u00e5 eventet ogs\u00e5 vil en af vores ildsj\u00e6le hj\u00e6lpe dig.<\/div>\n<div class=\"x11i5rnm xat24cr x1mh8g0r x1vvkbs xtlvy1s\"><\/div>\n<div class=\"x11i5rnm xat24cr x1mh8g0r x1vvkbs xtlvy1s\">### ENGLISH<\/div>\n<div class=\"x11i5rnm xat24cr x1mh8g0r x1vvkbs xtlvy1s\">Are you ready for a weekend filled with creativity, collaboration, and coziness? Come and be a part of our monthly Open Weekend at Wonderland.<\/div>\n<div><\/div>\n<div class=\"x11i5rnm xat24cr x1mh8g0r x1vvkbs xtlvy1s\"><strong>Program:<\/strong> Each weekend will feature some activities on the premises, and if you have an idea or need a specific area for your project or activity, feel free to write on the event page, and one of our passionate volunteers will help you out.<\/div>\n<div><\/div>\n<div class=\"x11i5rnm xat24cr x1mh8g0r x1vvkbs xtlvy1s\"><strong>Practical Information:<\/strong> When you need a break from the many activities, you can relax and unwind in the Villa. Here, there&#8217;s space to chat, read, play board games, or simply enjoy a cup of coffee or tea in good company.<\/div>\n<div class=\"x11i5rnm xat24cr x1mh8g0r x1vvkbs xtlvy1s\">Registration: The event runs from Friday evening to Sunday afternoon. Registration is open to everyone. Indicate if you&#8217;re attending on Facebook.<\/div>\n<div><\/div>\n<div class=\"x11i5rnm xat24cr x1mh8g0r x1vvkbs xtlvy1s\"><strong>Price:<\/strong> Participation is free. However, we do require that you become a member of Wonder Studios, which costs 100 DKK.<\/div>\n<div><\/div>\n<div class=\"x11i5rnm xat24cr x1mh8g0r x1vvkbs xtlvy1s\"><strong>Accommodation:<\/strong> It\u2019s possible to stay overnight in the villa, and we have 12 beds with mattresses available.<\/div>\n<div class=\"x11i5rnm xat24cr x1mh8g0r x1vvkbs xtlvy1s\">You\u2019ll need to bring everything else yourself. If you\u2019d like to reserve a spot in the villa, please write on the event page, and one of our volunteers will assist you. You can also camp in a tent.<\/div>\n<div><\/div>\n<div class=\"x11i5rnm xat24cr x1mh8g0r x1vvkbs xtlvy1s\"><strong>Questions:<\/strong> Write on the event page, and one of our volunteers will help you.<\/div>","protected":false},"excerpt":{"rendered":"<p>## ENGLISH BELOW ### Er du klar til en weekend fyldt med kreativitet, samarbejde og hygge? Kom og v\u00e6r en del af vores m\u00e5nedlige \u00c5ben Weekend p\u00e5 Wonderland. Program:P\u00e5 hver weekend vil der v\u00e6re nogle aktiviteter p\u00e5 omr\u00e5det og hvis du har en ide eller bruge for et specifikt omr\u00e5de til dit projekt eller aktivitet, [&hellip;]<\/p>\n","protected":false},"author":1,"featured_media":1067,"template":"","meta":{"_jet_sm_ready_style":"","_jet_sm_style":"","_jet_sm_controls_values":"","_jet_sm_fonts_collection":"","_jet_sm_fonts_links":""},"product_brand":[],"product_cat":[27,23,84],"product_tag":[],"class_list":{"0":"post-1075","1":"product","2":"type-product","3":"status-publish","4":"has-post-thumbnail","6":"product_cat-aaben-weekend","7":"product_cat-aktiviteter","8":"product_cat-upcoming-events","10":"first","11":"instock","12":"shipping-taxable","13":"product-type-simple"},"yoast_head":"<!-- This site is optimized with the Yoast SEO Premium plugin v26.3 (Yoast SEO v27.3) - https:\/\/yoast.com\/product\/yoast-seo-premium-wordpress\/ -->\n<title>\u00c5ben Weekend November - Wonder Studios<\/title>\n<meta name=\"robots\" content=\"index, follow, max-snippet:-1, max-image-preview:large, max-video-preview:-1\" \/>\n<link rel=\"canonical\" href=\"https:\/\/wonderstudios.dk\/en\/product\/aaben-weekend-november\/\" \/>\n<meta property=\"og:locale\" content=\"en_US\" \/>\n<meta property=\"og:type\" content=\"article\" \/>\n<meta property=\"og:title\" content=\"\u00c5ben Weekend November\" \/>\n<meta property=\"og:description\" content=\"## ENGLISH BELOW ### Er du klar til en weekend fyldt med kreativitet, samarbejde og hygge? Kom og v\u00e6r en del af vores m\u00e5nedlige \u00c5ben Weekend p\u00e5 Wonderland. Program:P\u00e5 hver weekend vil der v\u00e6re nogle aktiviteter p\u00e5 omr\u00e5det og hvis du har en ide eller bruge for et specifikt omr\u00e5de til dit projekt eller aktivitet, [&hellip;]\" \/>\n<meta property=\"og:url\" content=\"https:\/\/wonderstudios.dk\/en\/product\/aaben-weekend-november\/\" \/>\n<meta property=\"og:site_name\" content=\"Wonder Studios\" \/>\n<meta property=\"article:publisher\" content=\"https:\/\/www.facebook.com\/wonstu\" \/>\n<meta property=\"article:modified_time\" content=\"2025-09-06T07:55:55+00:00\" \/>\n<meta property=\"og:image\" content=\"https:\/\/wonderstudios.dk\/wp-content\/uploads\/2025\/01\/459971250_1034812751985081_8366607946753137174_n.jpg\" \/>\n\t<meta property=\"og:image:width\" content=\"1920\" \/>\n\t<meta property=\"og:image:height\" content=\"1005\" \/>\n\t<meta property=\"og:image:type\" content=\"image\/jpeg\" \/>\n<meta name=\"twitter:card\" content=\"summary_large_image\" \/>\n<meta name=\"twitter:label1\" content=\"Est. reading time\" \/>\n\t<meta name=\"twitter:data1\" content=\"3 minutes\" \/>\n<script type=\"application\/ld+json\" class=\"yoast-schema-graph\">{\"@context\":\"https:\\\/\\\/schema.org\",\"@graph\":[{\"@type\":\"WebPage\",\"@id\":\"https:\\\/\\\/wonderstudios.dk\\\/product\\\/aaben-weekend-november\\\/\",\"url\":\"https:\\\/\\\/wonderstudios.dk\\\/product\\\/aaben-weekend-november\\\/\",\"name\":\"\u00c5ben Weekend November - Wonder Studios\",\"isPartOf\":{\"@id\":\"https:\\\/\\\/wonderstudios.dk\\\/#website\"},\"primaryImageOfPage\":{\"@id\":\"https:\\\/\\\/wonderstudios.dk\\\/product\\\/aaben-weekend-november\\\/#primaryimage\"},\"image\":{\"@id\":\"https:\\\/\\\/wonderstudios.dk\\\/product\\\/aaben-weekend-november\\\/#primaryimage\"},\"thumbnailUrl\":\"https:\\\/\\\/wonderstudios.dk\\\/wp-content\\\/uploads\\\/2025\\\/01\\\/459971250_1034812751985081_8366607946753137174_n.jpg\",\"datePublished\":\"2025-01-03T15:09:54+00:00\",\"dateModified\":\"2025-09-06T07:55:55+00:00\",\"breadcrumb\":{\"@id\":\"https:\\\/\\\/wonderstudios.dk\\\/product\\\/aaben-weekend-november\\\/#breadcrumb\"},\"inLanguage\":\"en-US\",\"potentialAction\":[{\"@type\":\"ReadAction\",\"target\":[\"https:\\\/\\\/wonderstudios.dk\\\/product\\\/aaben-weekend-november\\\/\"]}]},{\"@type\":\"ImageObject\",\"inLanguage\":\"en-US\",\"@id\":\"https:\\\/\\\/wonderstudios.dk\\\/product\\\/aaben-weekend-november\\\/#primaryimage\",\"url\":\"https:\\\/\\\/wonderstudios.dk\\\/wp-content\\\/uploads\\\/2025\\\/01\\\/459971250_1034812751985081_8366607946753137174_n.jpg\",\"contentUrl\":\"https:\\\/\\\/wonderstudios.dk\\\/wp-content\\\/uploads\\\/2025\\\/01\\\/459971250_1034812751985081_8366607946753137174_n.jpg\",\"width\":1920,\"height\":1005},{\"@type\":\"BreadcrumbList\",\"@id\":\"https:\\\/\\\/wonderstudios.dk\\\/product\\\/aaben-weekend-november\\\/#breadcrumb\",\"itemListElement\":[{\"@type\":\"ListItem\",\"position\":1,\"name\":\"Home\",\"item\":\"https:\\\/\\\/wonderstudios.dk\\\/\"},{\"@type\":\"ListItem\",\"position\":2,\"name\":\"Shop\",\"item\":\"https:\\\/\\\/wonderstudios.dk\\\/shop\\\/\"},{\"@type\":\"ListItem\",\"position\":3,\"name\":\"\u00c5ben Weekend November\"}]},{\"@type\":\"WebSite\",\"@id\":\"https:\\\/\\\/wonderstudios.dk\\\/#website\",\"url\":\"https:\\\/\\\/wonderstudios.dk\\\/\",\"name\":\"Wonder Studios\",\"description\":\"Kulturoplevelser p\u00e5 Lolland-Falster\",\"publisher\":{\"@id\":\"https:\\\/\\\/wonderstudios.dk\\\/#organization\"},\"potentialAction\":[{\"@type\":\"SearchAction\",\"target\":{\"@type\":\"EntryPoint\",\"urlTemplate\":\"https:\\\/\\\/wonderstudios.dk\\\/?s={search_term_string}\"},\"query-input\":{\"@type\":\"PropertyValueSpecification\",\"valueRequired\":true,\"valueName\":\"search_term_string\"}}],\"inLanguage\":\"en-US\"},{\"@type\":\"Organization\",\"@id\":\"https:\\\/\\\/wonderstudios.dk\\\/#organization\",\"name\":\"Wonder Studios\",\"url\":\"https:\\\/\\\/wonderstudios.dk\\\/\",\"logo\":{\"@type\":\"ImageObject\",\"inLanguage\":\"en-US\",\"@id\":\"https:\\\/\\\/wonderstudios.dk\\\/#\\\/schema\\\/logo\\\/image\\\/\",\"url\":\"https:\\\/\\\/wonderstudios.dk\\\/wp-content\\\/uploads\\\/2018\\\/05\\\/wonder_logo.png\",\"contentUrl\":\"https:\\\/\\\/wonderstudios.dk\\\/wp-content\\\/uploads\\\/2018\\\/05\\\/wonder_logo.png\",\"width\":75,\"height\":65,\"caption\":\"Wonder Studios\"},\"image\":{\"@id\":\"https:\\\/\\\/wonderstudios.dk\\\/#\\\/schema\\\/logo\\\/image\\\/\"},\"sameAs\":[\"https:\\\/\\\/www.facebook.com\\\/wonstu\"]}]}<\/script>\n<!-- \/ Yoast SEO Premium plugin. -->","yoast_head_json":{"title":"\u00c5ben Weekend November - Wonder Studios","robots":{"index":"index","follow":"follow","max-snippet":"max-snippet:-1","max-image-preview":"max-image-preview:large","max-video-preview":"max-video-preview:-1"},"canonical":"https:\/\/wonderstudios.dk\/en\/product\/aaben-weekend-november\/","og_locale":"en_US","og_type":"article","og_title":"\u00c5ben Weekend November","og_description":"## ENGLISH BELOW ### Er du klar til en weekend fyldt med kreativitet, samarbejde og hygge? Kom og v\u00e6r en del af vores m\u00e5nedlige \u00c5ben Weekend p\u00e5 Wonderland. Program:P\u00e5 hver weekend vil der v\u00e6re nogle aktiviteter p\u00e5 omr\u00e5det og hvis du har en ide eller bruge for et specifikt omr\u00e5de til dit projekt eller aktivitet, [&hellip;]","og_url":"https:\/\/wonderstudios.dk\/en\/product\/aaben-weekend-november\/","og_site_name":"Wonder Studios","article_publisher":"https:\/\/www.facebook.com\/wonstu","article_modified_time":"2025-09-06T07:55:55+00:00","og_image":[{"width":1920,"height":1005,"url":"https:\/\/wonderstudios.dk\/wp-content\/uploads\/2025\/01\/459971250_1034812751985081_8366607946753137174_n.jpg","type":"image\/jpeg"}],"twitter_card":"summary_large_image","twitter_misc":{"Est. reading time":"3 minutes"},"schema":{"@context":"https:\/\/schema.org","@graph":[{"@type":"WebPage","@id":"https:\/\/wonderstudios.dk\/product\/aaben-weekend-november\/","url":"https:\/\/wonderstudios.dk\/product\/aaben-weekend-november\/","name":"\u00c5ben Weekend November - Wonder Studios","isPartOf":{"@id":"https:\/\/wonderstudios.dk\/#website"},"primaryImageOfPage":{"@id":"https:\/\/wonderstudios.dk\/product\/aaben-weekend-november\/#primaryimage"},"image":{"@id":"https:\/\/wonderstudios.dk\/product\/aaben-weekend-november\/#primaryimage"},"thumbnailUrl":"https:\/\/wonderstudios.dk\/wp-content\/uploads\/2025\/01\/459971250_1034812751985081_8366607946753137174_n.jpg","datePublished":"2025-01-03T15:09:54+00:00","dateModified":"2025-09-06T07:55:55+00:00","breadcrumb":{"@id":"https:\/\/wonderstudios.dk\/product\/aaben-weekend-november\/#breadcrumb"},"inLanguage":"en-US","potentialAction":[{"@type":"ReadAction","target":["https:\/\/wonderstudios.dk\/product\/aaben-weekend-november\/"]}]},{"@type":"ImageObject","inLanguage":"en-US","@id":"https:\/\/wonderstudios.dk\/product\/aaben-weekend-november\/#primaryimage","url":"https:\/\/wonderstudios.dk\/wp-content\/uploads\/2025\/01\/459971250_1034812751985081_8366607946753137174_n.jpg","contentUrl":"https:\/\/wonderstudios.dk\/wp-content\/uploads\/2025\/01\/459971250_1034812751985081_8366607946753137174_n.jpg","width":1920,"height":1005},{"@type":"BreadcrumbList","@id":"https:\/\/wonderstudios.dk\/product\/aaben-weekend-november\/#breadcrumb","itemListElement":[{"@type":"ListItem","position":1,"name":"Home","item":"https:\/\/wonderstudios.dk\/"},{"@type":"ListItem","position":2,"name":"Shop","item":"https:\/\/wonderstudios.dk\/shop\/"},{"@type":"ListItem","position":3,"name":"\u00c5ben Weekend November"}]},{"@type":"WebSite","@id":"https:\/\/wonderstudios.dk\/#website","url":"https:\/\/wonderstudios.dk\/","name":"Wonder Studios","description":"Kulturoplevelser p\u00e5 Lolland-Falster","publisher":{"@id":"https:\/\/wonderstudios.dk\/#organization"},"potentialAction":[{"@type":"SearchAction","target":{"@type":"EntryPoint","urlTemplate":"https:\/\/wonderstudios.dk\/?s={search_term_string}"},"query-input":{"@type":"PropertyValueSpecification","valueRequired":true,"valueName":"search_term_string"}}],"inLanguage":"en-US"},{"@type":"Organization","@id":"https:\/\/wonderstudios.dk\/#organization","name":"Wonder Studios","url":"https:\/\/wonderstudios.dk\/","logo":{"@type":"ImageObject","inLanguage":"en-US","@id":"https:\/\/wonderstudios.dk\/#\/schema\/logo\/image\/","url":"https:\/\/wonderstudios.dk\/wp-content\/uploads\/2018\/05\/wonder_logo.png","contentUrl":"https:\/\/wonderstudios.dk\/wp-content\/uploads\/2018\/05\/wonder_logo.png","width":75,"height":65,"caption":"Wonder Studios"},"image":{"@id":"https:\/\/wonderstudios.dk\/#\/schema\/logo\/image\/"},"sameAs":["https:\/\/www.facebook.com\/wonstu"]}]}},"_links":{"self":[{"href":"https:\/\/wonderstudios.dk\/en\/wp-json\/wp\/v2\/product\/1075","targetHints":{"allow":["GET"]}}],"collection":[{"href":"https:\/\/wonderstudios.dk\/en\/wp-json\/wp\/v2\/product"}],"about":[{"href":"https:\/\/wonderstudios.dk\/en\/wp-json\/wp\/v2\/types\/product"}],"author":[{"embeddable":true,"href":"https:\/\/wonderstudios.dk\/en\/wp-json\/wp\/v2\/users\/1"}],"wp:featuredmedia":[{"embeddable":true,"href":"https:\/\/wonderstudios.dk\/en\/wp-json\/wp\/v2\/media\/1067"}],"wp:attachment":[{"href":"https:\/\/wonderstudios.dk\/en\/wp-json\/wp\/v2\/media?parent=1075"}],"wp:term":[{"taxonomy":"product_brand","embeddable":true,"href":"https:\/\/wonderstudios.dk\/en\/wp-json\/wp\/v2\/product_brand?post=1075"},{"taxonomy":"product_cat","embeddable":true,"href":"https:\/\/wonderstudios.dk\/en\/wp-json\/wp\/v2\/product_cat?post=1075"},{"taxonomy":"product_tag","embeddable":true,"href":"https:\/\/wonderstudios.dk\/en\/wp-json\/wp\/v2\/product_tag?post=1075"}],"curies":[{"name":"wp","href":"https:\/\/api.w.org\/{rel}","templated":true}]}}