{"id":1076,"date":"2025-01-03T15:18:27","date_gmt":"2025-01-03T15:18:27","guid":{"rendered":"https:\/\/wonderstudios.dk\/?post_type=product&#038;p=1076"},"modified":"2025-04-11T09:37:17","modified_gmt":"2025-04-11T09:37:17","slug":"nerf-kamp","status":"publish","type":"product","link":"https:\/\/wonderstudios.dk\/en\/product\/nerf-kamp\/","title":{"rendered":"NERF kamp Marts 2025"},"content":{"rendered":"<div class=\"xdj266r x11i5rnm xat24cr x1mh8g0r x1vvkbs\">Kom og deltag i en actionfyldt Nerfkamp arrangement for b\u00f8rn og unge p\u00e5 Wonderland.<\/div>\n<div><\/div>\n<div class=\"x11i5rnm xat24cr x1mh8g0r x1vvkbs xtlvy1s\">Vi skaberen fantasifuld krigszone i det gamle Frejlev Mejeri, hvor deltagerne kan bruge Nerf-blastere til at<br class=\"html-br\" \/>k\u00e6mpe mod hinanden i sp\u00e6ndende og sjove kampe.<\/div>\n<div><\/div>\n<div class=\"x11i5rnm xat24cr x1mh8g0r x1vvkbs xtlvy1s\">Experience the unique atmosphere when the entire building is filled with light and sound, adding an extra dimension to the experience.<br class=\"html-br\" \/>Det vil v\u00e6re muligt at k\u00f8be sodavand til arrangementet i vores aktivitetsvilla. (Vi tager MobilePay)<\/div>\n<div><\/div>\n<div class=\"x11i5rnm xat24cr x1mh8g0r x1vvkbs xtlvy1s\">OBS: Hvis man ikke selv har NERF blastere, s\u00e5 har vi massere derude og flere kasser med darts.<\/div>\n<div><\/div>\n<div class=\"x11i5rnm xat24cr x1mh8g0r x1vvkbs xtlvy1s\">Vi beder jer ikke tage darts med selv.<\/div>\n<div><\/div>\n<div class=\"x11i5rnm xat24cr x1mh8g0r x1vvkbs xtlvy1s\"><strong>Agegroup:<\/strong> 8-16 \u00e5r. Kontakt os hvis du er \u00e6ldre.<\/div>\n<div><\/div>\n<div class=\"x11i5rnm xat24cr x1mh8g0r x1vvkbs xtlvy1s\"><strong>Pris:<\/strong> 100 kr. (Tag en ven med og spar 50 kr. med rabatkoden NERFVEN50)<\/div>\n<div><\/div>\n<div class=\"x11i5rnm xat24cr x1mh8g0r x1vvkbs xtlvy1s\">Kontakt os med sp\u00f8rgsm\u00e5l p\u00e5 <a href=\"mailto:contact@wonderstudios.dk\">contact@wonderstudios.dk<\/a><\/div>","protected":false},"excerpt":{"rendered":"<p>Kom og deltag i en actionfyldt Nerfkamp arrangement for b\u00f8rn og unge p\u00e5 Wonderland. Vi skaberen fantasifuld krigszone i det gamle Frejlev Mejeri, hvor deltagerne kan bruge Nerf-blastere til atk\u00e6mpe mod hinanden i sp\u00e6ndende og sjove kampe. Oplev den unikke stemning, n\u00e5r hele bygningen er fyldt med lys og lyd, der giver en ekstra dimension [&hellip;]<\/p>\n","protected":false},"author":1,"featured_media":1077,"template":"","meta":{"_jet_sm_ready_style":"","_jet_sm_style":"","_jet_sm_controls_values":"","_jet_sm_fonts_collection":"","_jet_sm_fonts_links":""},"product_brand":[],"product_cat":[28],"product_tag":[],"class_list":{"0":"post-1076","1":"product","2":"type-product","3":"status-publish","4":"has-post-thumbnail","6":"product_cat-nerf-kamp","8":"first","9":"instock","10":"virtual","11":"product-type-simple"},"yoast_head":"<!-- This site is optimized with the Yoast SEO Premium plugin v26.3 (Yoast SEO v27.4) - https:\/\/yoast.com\/product\/yoast-seo-premium-wordpress\/ -->\n<title>NERF kamp Marts 2025 - Wonder Studios<\/title>\n<meta name=\"robots\" content=\"index, follow, max-snippet:-1, max-image-preview:large, max-video-preview:-1\" \/>\n<link rel=\"canonical\" href=\"https:\/\/wonderstudios.dk\/en\/product\/nerf-kamp\/\" \/>\n<meta property=\"og:locale\" content=\"en_US\" \/>\n<meta property=\"og:type\" content=\"article\" \/>\n<meta property=\"og:title\" content=\"NERF kamp Marts 2025\" \/>\n<meta property=\"og:description\" content=\"Kom og deltag i en actionfyldt Nerfkamp arrangement for b\u00f8rn og unge p\u00e5 Wonderland. Vi skaberen fantasifuld krigszone i det gamle Frejlev Mejeri, hvor deltagerne kan bruge Nerf-blastere til atk\u00e6mpe mod hinanden i sp\u00e6ndende og sjove kampe. Oplev den unikke stemning, n\u00e5r hele bygningen er fyldt med lys og lyd, der giver en ekstra dimension [&hellip;]\" \/>\n<meta property=\"og:url\" content=\"https:\/\/wonderstudios.dk\/en\/product\/nerf-kamp\/\" \/>\n<meta property=\"og:site_name\" content=\"Wonder Studios\" \/>\n<meta property=\"article:publisher\" content=\"https:\/\/www.facebook.com\/wonstu\" \/>\n<meta property=\"article:modified_time\" content=\"2025-04-11T09:37:17+00:00\" \/>\n<meta property=\"og:image\" content=\"https:\/\/wonderstudios.dk\/wp-content\/uploads\/2025\/01\/nerf-kamp-1024x536.png\" \/>\n\t<meta property=\"og:image:width\" content=\"1024\" \/>\n\t<meta property=\"og:image:height\" content=\"536\" \/>\n\t<meta property=\"og:image:type\" content=\"image\/png\" \/>\n<meta name=\"twitter:card\" content=\"summary_large_image\" \/>\n<meta name=\"twitter:label1\" content=\"Est. reading time\" \/>\n\t<meta name=\"twitter:data1\" content=\"1 minute\" \/>\n<script type=\"application\/ld+json\" class=\"yoast-schema-graph\">{\"@context\":\"https:\\\/\\\/schema.org\",\"@graph\":[{\"@type\":\"WebPage\",\"@id\":\"https:\\\/\\\/wonderstudios.dk\\\/product\\\/nerf-kamp\\\/\",\"url\":\"https:\\\/\\\/wonderstudios.dk\\\/product\\\/nerf-kamp\\\/\",\"name\":\"NERF kamp Marts 2025 - Wonder Studios\",\"isPartOf\":{\"@id\":\"https:\\\/\\\/wonderstudios.dk\\\/#website\"},\"primaryImageOfPage\":{\"@id\":\"https:\\\/\\\/wonderstudios.dk\\\/product\\\/nerf-kamp\\\/#primaryimage\"},\"image\":{\"@id\":\"https:\\\/\\\/wonderstudios.dk\\\/product\\\/nerf-kamp\\\/#primaryimage\"},\"thumbnailUrl\":\"https:\\\/\\\/wonderstudios.dk\\\/wp-content\\\/uploads\\\/2025\\\/01\\\/nerf-kamp.png\",\"datePublished\":\"2025-01-03T15:18:27+00:00\",\"dateModified\":\"2025-04-11T09:37:17+00:00\",\"breadcrumb\":{\"@id\":\"https:\\\/\\\/wonderstudios.dk\\\/product\\\/nerf-kamp\\\/#breadcrumb\"},\"inLanguage\":\"en-US\",\"potentialAction\":[{\"@type\":\"ReadAction\",\"target\":[\"https:\\\/\\\/wonderstudios.dk\\\/product\\\/nerf-kamp\\\/\"]}]},{\"@type\":\"ImageObject\",\"inLanguage\":\"en-US\",\"@id\":\"https:\\\/\\\/wonderstudios.dk\\\/product\\\/nerf-kamp\\\/#primaryimage\",\"url\":\"https:\\\/\\\/wonderstudios.dk\\\/wp-content\\\/uploads\\\/2025\\\/01\\\/nerf-kamp.png\",\"contentUrl\":\"https:\\\/\\\/wonderstudios.dk\\\/wp-content\\\/uploads\\\/2025\\\/01\\\/nerf-kamp.png\",\"width\":1920,\"height\":1005},{\"@type\":\"BreadcrumbList\",\"@id\":\"https:\\\/\\\/wonderstudios.dk\\\/product\\\/nerf-kamp\\\/#breadcrumb\",\"itemListElement\":[{\"@type\":\"ListItem\",\"position\":1,\"name\":\"Home\",\"item\":\"https:\\\/\\\/wonderstudios.dk\\\/\"},{\"@type\":\"ListItem\",\"position\":2,\"name\":\"Shop\",\"item\":\"https:\\\/\\\/wonderstudios.dk\\\/shop\\\/\"},{\"@type\":\"ListItem\",\"position\":3,\"name\":\"NERF kamp Marts 2025\"}]},{\"@type\":\"WebSite\",\"@id\":\"https:\\\/\\\/wonderstudios.dk\\\/#website\",\"url\":\"https:\\\/\\\/wonderstudios.dk\\\/\",\"name\":\"Wonder Studios\",\"description\":\"Kulturoplevelser p\u00e5 Lolland-Falster\",\"publisher\":{\"@id\":\"https:\\\/\\\/wonderstudios.dk\\\/#organization\"},\"potentialAction\":[{\"@type\":\"SearchAction\",\"target\":{\"@type\":\"EntryPoint\",\"urlTemplate\":\"https:\\\/\\\/wonderstudios.dk\\\/?s={search_term_string}\"},\"query-input\":{\"@type\":\"PropertyValueSpecification\",\"valueRequired\":true,\"valueName\":\"search_term_string\"}}],\"inLanguage\":\"en-US\"},{\"@type\":\"Organization\",\"@id\":\"https:\\\/\\\/wonderstudios.dk\\\/#organization\",\"name\":\"Wonder Studios\",\"url\":\"https:\\\/\\\/wonderstudios.dk\\\/\",\"logo\":{\"@type\":\"ImageObject\",\"inLanguage\":\"en-US\",\"@id\":\"https:\\\/\\\/wonderstudios.dk\\\/#\\\/schema\\\/logo\\\/image\\\/\",\"url\":\"https:\\\/\\\/wonderstudios.dk\\\/wp-content\\\/uploads\\\/2018\\\/05\\\/wonder_logo.png\",\"contentUrl\":\"https:\\\/\\\/wonderstudios.dk\\\/wp-content\\\/uploads\\\/2018\\\/05\\\/wonder_logo.png\",\"width\":75,\"height\":65,\"caption\":\"Wonder Studios\"},\"image\":{\"@id\":\"https:\\\/\\\/wonderstudios.dk\\\/#\\\/schema\\\/logo\\\/image\\\/\"},\"sameAs\":[\"https:\\\/\\\/www.facebook.com\\\/wonstu\"]}]}<\/script>\n<!-- \/ Yoast SEO Premium plugin. -->","yoast_head_json":{"title":"NERF kamp Marts 2025 - Wonder Studios","robots":{"index":"index","follow":"follow","max-snippet":"max-snippet:-1","max-image-preview":"max-image-preview:large","max-video-preview":"max-video-preview:-1"},"canonical":"https:\/\/wonderstudios.dk\/en\/product\/nerf-kamp\/","og_locale":"en_US","og_type":"article","og_title":"NERF kamp Marts 2025","og_description":"Kom og deltag i en actionfyldt Nerfkamp arrangement for b\u00f8rn og unge p\u00e5 Wonderland. Vi skaberen fantasifuld krigszone i det gamle Frejlev Mejeri, hvor deltagerne kan bruge Nerf-blastere til atk\u00e6mpe mod hinanden i sp\u00e6ndende og sjove kampe. Oplev den unikke stemning, n\u00e5r hele bygningen er fyldt med lys og lyd, der giver en ekstra dimension [&hellip;]","og_url":"https:\/\/wonderstudios.dk\/en\/product\/nerf-kamp\/","og_site_name":"Wonder Studios","article_publisher":"https:\/\/www.facebook.com\/wonstu","article_modified_time":"2025-04-11T09:37:17+00:00","og_image":[{"width":1024,"height":536,"url":"https:\/\/wonderstudios.dk\/wp-content\/uploads\/2025\/01\/nerf-kamp-1024x536.png","type":"image\/png"}],"twitter_card":"summary_large_image","twitter_misc":{"Est. reading time":"1 minute"},"schema":{"@context":"https:\/\/schema.org","@graph":[{"@type":"WebPage","@id":"https:\/\/wonderstudios.dk\/product\/nerf-kamp\/","url":"https:\/\/wonderstudios.dk\/product\/nerf-kamp\/","name":"NERF kamp Marts 2025 - Wonder Studios","isPartOf":{"@id":"https:\/\/wonderstudios.dk\/#website"},"primaryImageOfPage":{"@id":"https:\/\/wonderstudios.dk\/product\/nerf-kamp\/#primaryimage"},"image":{"@id":"https:\/\/wonderstudios.dk\/product\/nerf-kamp\/#primaryimage"},"thumbnailUrl":"https:\/\/wonderstudios.dk\/wp-content\/uploads\/2025\/01\/nerf-kamp.png","datePublished":"2025-01-03T15:18:27+00:00","dateModified":"2025-04-11T09:37:17+00:00","breadcrumb":{"@id":"https:\/\/wonderstudios.dk\/product\/nerf-kamp\/#breadcrumb"},"inLanguage":"en-US","potentialAction":[{"@type":"ReadAction","target":["https:\/\/wonderstudios.dk\/product\/nerf-kamp\/"]}]},{"@type":"ImageObject","inLanguage":"en-US","@id":"https:\/\/wonderstudios.dk\/product\/nerf-kamp\/#primaryimage","url":"https:\/\/wonderstudios.dk\/wp-content\/uploads\/2025\/01\/nerf-kamp.png","contentUrl":"https:\/\/wonderstudios.dk\/wp-content\/uploads\/2025\/01\/nerf-kamp.png","width":1920,"height":1005},{"@type":"BreadcrumbList","@id":"https:\/\/wonderstudios.dk\/product\/nerf-kamp\/#breadcrumb","itemListElement":[{"@type":"ListItem","position":1,"name":"Home","item":"https:\/\/wonderstudios.dk\/"},{"@type":"ListItem","position":2,"name":"Shop","item":"https:\/\/wonderstudios.dk\/shop\/"},{"@type":"ListItem","position":3,"name":"NERF kamp Marts 2025"}]},{"@type":"WebSite","@id":"https:\/\/wonderstudios.dk\/#website","url":"https:\/\/wonderstudios.dk\/","name":"Wonder Studios","description":"Kulturoplevelser p\u00e5 Lolland-Falster","publisher":{"@id":"https:\/\/wonderstudios.dk\/#organization"},"potentialAction":[{"@type":"SearchAction","target":{"@type":"EntryPoint","urlTemplate":"https:\/\/wonderstudios.dk\/?s={search_term_string}"},"query-input":{"@type":"PropertyValueSpecification","valueRequired":true,"valueName":"search_term_string"}}],"inLanguage":"en-US"},{"@type":"Organization","@id":"https:\/\/wonderstudios.dk\/#organization","name":"Wonder Studios","url":"https:\/\/wonderstudios.dk\/","logo":{"@type":"ImageObject","inLanguage":"en-US","@id":"https:\/\/wonderstudios.dk\/#\/schema\/logo\/image\/","url":"https:\/\/wonderstudios.dk\/wp-content\/uploads\/2018\/05\/wonder_logo.png","contentUrl":"https:\/\/wonderstudios.dk\/wp-content\/uploads\/2018\/05\/wonder_logo.png","width":75,"height":65,"caption":"Wonder Studios"},"image":{"@id":"https:\/\/wonderstudios.dk\/#\/schema\/logo\/image\/"},"sameAs":["https:\/\/www.facebook.com\/wonstu"]}]}},"_links":{"self":[{"href":"https:\/\/wonderstudios.dk\/en\/wp-json\/wp\/v2\/product\/1076","targetHints":{"allow":["GET"]}}],"collection":[{"href":"https:\/\/wonderstudios.dk\/en\/wp-json\/wp\/v2\/product"}],"about":[{"href":"https:\/\/wonderstudios.dk\/en\/wp-json\/wp\/v2\/types\/product"}],"author":[{"embeddable":true,"href":"https:\/\/wonderstudios.dk\/en\/wp-json\/wp\/v2\/users\/1"}],"wp:featuredmedia":[{"embeddable":true,"href":"https:\/\/wonderstudios.dk\/en\/wp-json\/wp\/v2\/media\/1077"}],"wp:attachment":[{"href":"https:\/\/wonderstudios.dk\/en\/wp-json\/wp\/v2\/media?parent=1076"}],"wp:term":[{"taxonomy":"product_brand","embeddable":true,"href":"https:\/\/wonderstudios.dk\/en\/wp-json\/wp\/v2\/product_brand?post=1076"},{"taxonomy":"product_cat","embeddable":true,"href":"https:\/\/wonderstudios.dk\/en\/wp-json\/wp\/v2\/product_cat?post=1076"},{"taxonomy":"product_tag","embeddable":true,"href":"https:\/\/wonderstudios.dk\/en\/wp-json\/wp\/v2\/product_tag?post=1076"}],"curies":[{"name":"wp","href":"https:\/\/api.w.org\/{rel}","templated":true}]}}