{"id":1288,"date":"2025-01-04T14:43:42","date_gmt":"2025-01-04T14:43:42","guid":{"rendered":"https:\/\/wonderstudios.dk\/?post_type=product&#038;p=1288"},"modified":"2025-09-06T07:53:34","modified_gmt":"2025-09-06T07:53:34","slug":"aktiviteter-paa-kulturnatten","status":"publish","type":"product","link":"https:\/\/wonderstudios.dk\/en\/product\/aktiviteter-paa-kulturnatten\/","title":{"rendered":"Aktiviteter p\u00e5 Kulturnatten"},"content":{"rendered":"<p>Vores tur p\u00e5 kulturnatten, hvor vi laver boder med forskellige aktiviteter og hvor vi altid klar p\u00e5 en god snak.<\/p>","protected":false},"excerpt":{"rendered":"<p>Vores tur p\u00e5 kulturnatten, hvor vi laver boder med forskellige aktiviteter og hvor vi altid klar p\u00e5 en god snak.<\/p>","protected":false},"author":1,"featured_media":1289,"template":"","meta":{"_jet_sm_ready_style":"","_jet_sm_style":"","_jet_sm_controls_values":"","_jet_sm_fonts_collection":"","_jet_sm_fonts_links":""},"product_brand":[],"product_cat":[23,84],"product_tag":[],"class_list":{"0":"post-1288","1":"product","2":"type-product","3":"status-publish","4":"has-post-thumbnail","6":"product_cat-aktiviteter","7":"product_cat-upcoming-events","9":"first","10":"instock","11":"shipping-taxable","12":"product-type-external"},"yoast_head":"<!-- This site is optimized with the Yoast SEO Premium plugin v26.3 (Yoast SEO v27.3) - https:\/\/yoast.com\/product\/yoast-seo-premium-wordpress\/ -->\n<title>Aktiviteter p\u00e5 Kulturnatten - Wonder Studios<\/title>\n<meta name=\"robots\" content=\"index, follow, max-snippet:-1, max-image-preview:large, max-video-preview:-1\" \/>\n<link rel=\"canonical\" href=\"https:\/\/wonderstudios.dk\/en\/product\/aktiviteter-paa-kulturnatten\/\" \/>\n<meta property=\"og:locale\" content=\"en_US\" \/>\n<meta property=\"og:type\" content=\"article\" \/>\n<meta property=\"og:title\" content=\"Aktiviteter p\u00e5 Kulturnatten\" \/>\n<meta property=\"og:description\" content=\"Vores tur p\u00e5 kulturnatten, hvor vi laver boder med forskellige aktiviteter og hvor vi altid klar p\u00e5 en god snak.\" \/>\n<meta property=\"og:url\" content=\"https:\/\/wonderstudios.dk\/en\/product\/aktiviteter-paa-kulturnatten\/\" \/>\n<meta property=\"og:site_name\" content=\"Wonder Studios\" \/>\n<meta property=\"article:publisher\" content=\"https:\/\/www.facebook.com\/wonstu\" \/>\n<meta property=\"article:modified_time\" content=\"2025-09-06T07:53:34+00:00\" \/>\n<meta property=\"og:image\" content=\"https:\/\/wonderstudios.dk\/wp-content\/uploads\/2025\/01\/kulturnatten-1024x536.png\" \/>\n\t<meta property=\"og:image:width\" content=\"1024\" \/>\n\t<meta property=\"og:image:height\" content=\"536\" \/>\n\t<meta property=\"og:image:type\" content=\"image\/png\" \/>\n<meta name=\"twitter:card\" content=\"summary_large_image\" \/>\n<meta name=\"twitter:label1\" content=\"Est. reading time\" \/>\n\t<meta name=\"twitter:data1\" content=\"1 minute\" \/>\n<script type=\"application\/ld+json\" class=\"yoast-schema-graph\">{\"@context\":\"https:\\\/\\\/schema.org\",\"@graph\":[{\"@type\":\"WebPage\",\"@id\":\"https:\\\/\\\/wonderstudios.dk\\\/product\\\/aktiviteter-paa-kulturnatten\\\/\",\"url\":\"https:\\\/\\\/wonderstudios.dk\\\/product\\\/aktiviteter-paa-kulturnatten\\\/\",\"name\":\"Aktiviteter p\u00e5 Kulturnatten - Wonder Studios\",\"isPartOf\":{\"@id\":\"https:\\\/\\\/wonderstudios.dk\\\/#website\"},\"primaryImageOfPage\":{\"@id\":\"https:\\\/\\\/wonderstudios.dk\\\/product\\\/aktiviteter-paa-kulturnatten\\\/#primaryimage\"},\"image\":{\"@id\":\"https:\\\/\\\/wonderstudios.dk\\\/product\\\/aktiviteter-paa-kulturnatten\\\/#primaryimage\"},\"thumbnailUrl\":\"https:\\\/\\\/wonderstudios.dk\\\/wp-content\\\/uploads\\\/2025\\\/01\\\/kulturnatten.png\",\"datePublished\":\"2025-01-04T14:43:42+00:00\",\"dateModified\":\"2025-09-06T07:53:34+00:00\",\"breadcrumb\":{\"@id\":\"https:\\\/\\\/wonderstudios.dk\\\/product\\\/aktiviteter-paa-kulturnatten\\\/#breadcrumb\"},\"inLanguage\":\"en-US\",\"potentialAction\":[{\"@type\":\"ReadAction\",\"target\":[\"https:\\\/\\\/wonderstudios.dk\\\/product\\\/aktiviteter-paa-kulturnatten\\\/\"]}]},{\"@type\":\"ImageObject\",\"inLanguage\":\"en-US\",\"@id\":\"https:\\\/\\\/wonderstudios.dk\\\/product\\\/aktiviteter-paa-kulturnatten\\\/#primaryimage\",\"url\":\"https:\\\/\\\/wonderstudios.dk\\\/wp-content\\\/uploads\\\/2025\\\/01\\\/kulturnatten.png\",\"contentUrl\":\"https:\\\/\\\/wonderstudios.dk\\\/wp-content\\\/uploads\\\/2025\\\/01\\\/kulturnatten.png\",\"width\":1920,\"height\":1005},{\"@type\":\"BreadcrumbList\",\"@id\":\"https:\\\/\\\/wonderstudios.dk\\\/product\\\/aktiviteter-paa-kulturnatten\\\/#breadcrumb\",\"itemListElement\":[{\"@type\":\"ListItem\",\"position\":1,\"name\":\"Home\",\"item\":\"https:\\\/\\\/wonderstudios.dk\\\/\"},{\"@type\":\"ListItem\",\"position\":2,\"name\":\"Shop\",\"item\":\"https:\\\/\\\/wonderstudios.dk\\\/shop\\\/\"},{\"@type\":\"ListItem\",\"position\":3,\"name\":\"Aktiviteter p\u00e5 Kulturnatten\"}]},{\"@type\":\"WebSite\",\"@id\":\"https:\\\/\\\/wonderstudios.dk\\\/#website\",\"url\":\"https:\\\/\\\/wonderstudios.dk\\\/\",\"name\":\"Wonder Studios\",\"description\":\"Kulturoplevelser p\u00e5 Lolland-Falster\",\"publisher\":{\"@id\":\"https:\\\/\\\/wonderstudios.dk\\\/#organization\"},\"potentialAction\":[{\"@type\":\"SearchAction\",\"target\":{\"@type\":\"EntryPoint\",\"urlTemplate\":\"https:\\\/\\\/wonderstudios.dk\\\/?s={search_term_string}\"},\"query-input\":{\"@type\":\"PropertyValueSpecification\",\"valueRequired\":true,\"valueName\":\"search_term_string\"}}],\"inLanguage\":\"en-US\"},{\"@type\":\"Organization\",\"@id\":\"https:\\\/\\\/wonderstudios.dk\\\/#organization\",\"name\":\"Wonder Studios\",\"url\":\"https:\\\/\\\/wonderstudios.dk\\\/\",\"logo\":{\"@type\":\"ImageObject\",\"inLanguage\":\"en-US\",\"@id\":\"https:\\\/\\\/wonderstudios.dk\\\/#\\\/schema\\\/logo\\\/image\\\/\",\"url\":\"https:\\\/\\\/wonderstudios.dk\\\/wp-content\\\/uploads\\\/2018\\\/05\\\/wonder_logo.png\",\"contentUrl\":\"https:\\\/\\\/wonderstudios.dk\\\/wp-content\\\/uploads\\\/2018\\\/05\\\/wonder_logo.png\",\"width\":75,\"height\":65,\"caption\":\"Wonder Studios\"},\"image\":{\"@id\":\"https:\\\/\\\/wonderstudios.dk\\\/#\\\/schema\\\/logo\\\/image\\\/\"},\"sameAs\":[\"https:\\\/\\\/www.facebook.com\\\/wonstu\"]}]}<\/script>\n<!-- \/ Yoast SEO Premium plugin. -->","yoast_head_json":{"title":"Aktiviteter p\u00e5 Kulturnatten - Wonder Studios","robots":{"index":"index","follow":"follow","max-snippet":"max-snippet:-1","max-image-preview":"max-image-preview:large","max-video-preview":"max-video-preview:-1"},"canonical":"https:\/\/wonderstudios.dk\/en\/product\/aktiviteter-paa-kulturnatten\/","og_locale":"en_US","og_type":"article","og_title":"Aktiviteter p\u00e5 Kulturnatten","og_description":"Vores tur p\u00e5 kulturnatten, hvor vi laver boder med forskellige aktiviteter og hvor vi altid klar p\u00e5 en god snak.","og_url":"https:\/\/wonderstudios.dk\/en\/product\/aktiviteter-paa-kulturnatten\/","og_site_name":"Wonder Studios","article_publisher":"https:\/\/www.facebook.com\/wonstu","article_modified_time":"2025-09-06T07:53:34+00:00","og_image":[{"width":1024,"height":536,"url":"https:\/\/wonderstudios.dk\/wp-content\/uploads\/2025\/01\/kulturnatten-1024x536.png","type":"image\/png"}],"twitter_card":"summary_large_image","twitter_misc":{"Est. reading time":"1 minute"},"schema":{"@context":"https:\/\/schema.org","@graph":[{"@type":"WebPage","@id":"https:\/\/wonderstudios.dk\/product\/aktiviteter-paa-kulturnatten\/","url":"https:\/\/wonderstudios.dk\/product\/aktiviteter-paa-kulturnatten\/","name":"Aktiviteter p\u00e5 Kulturnatten - Wonder Studios","isPartOf":{"@id":"https:\/\/wonderstudios.dk\/#website"},"primaryImageOfPage":{"@id":"https:\/\/wonderstudios.dk\/product\/aktiviteter-paa-kulturnatten\/#primaryimage"},"image":{"@id":"https:\/\/wonderstudios.dk\/product\/aktiviteter-paa-kulturnatten\/#primaryimage"},"thumbnailUrl":"https:\/\/wonderstudios.dk\/wp-content\/uploads\/2025\/01\/kulturnatten.png","datePublished":"2025-01-04T14:43:42+00:00","dateModified":"2025-09-06T07:53:34+00:00","breadcrumb":{"@id":"https:\/\/wonderstudios.dk\/product\/aktiviteter-paa-kulturnatten\/#breadcrumb"},"inLanguage":"en-US","potentialAction":[{"@type":"ReadAction","target":["https:\/\/wonderstudios.dk\/product\/aktiviteter-paa-kulturnatten\/"]}]},{"@type":"ImageObject","inLanguage":"en-US","@id":"https:\/\/wonderstudios.dk\/product\/aktiviteter-paa-kulturnatten\/#primaryimage","url":"https:\/\/wonderstudios.dk\/wp-content\/uploads\/2025\/01\/kulturnatten.png","contentUrl":"https:\/\/wonderstudios.dk\/wp-content\/uploads\/2025\/01\/kulturnatten.png","width":1920,"height":1005},{"@type":"BreadcrumbList","@id":"https:\/\/wonderstudios.dk\/product\/aktiviteter-paa-kulturnatten\/#breadcrumb","itemListElement":[{"@type":"ListItem","position":1,"name":"Home","item":"https:\/\/wonderstudios.dk\/"},{"@type":"ListItem","position":2,"name":"Shop","item":"https:\/\/wonderstudios.dk\/shop\/"},{"@type":"ListItem","position":3,"name":"Aktiviteter p\u00e5 Kulturnatten"}]},{"@type":"WebSite","@id":"https:\/\/wonderstudios.dk\/#website","url":"https:\/\/wonderstudios.dk\/","name":"Wonder Studios","description":"Kulturoplevelser p\u00e5 Lolland-Falster","publisher":{"@id":"https:\/\/wonderstudios.dk\/#organization"},"potentialAction":[{"@type":"SearchAction","target":{"@type":"EntryPoint","urlTemplate":"https:\/\/wonderstudios.dk\/?s={search_term_string}"},"query-input":{"@type":"PropertyValueSpecification","valueRequired":true,"valueName":"search_term_string"}}],"inLanguage":"en-US"},{"@type":"Organization","@id":"https:\/\/wonderstudios.dk\/#organization","name":"Wonder Studios","url":"https:\/\/wonderstudios.dk\/","logo":{"@type":"ImageObject","inLanguage":"en-US","@id":"https:\/\/wonderstudios.dk\/#\/schema\/logo\/image\/","url":"https:\/\/wonderstudios.dk\/wp-content\/uploads\/2018\/05\/wonder_logo.png","contentUrl":"https:\/\/wonderstudios.dk\/wp-content\/uploads\/2018\/05\/wonder_logo.png","width":75,"height":65,"caption":"Wonder Studios"},"image":{"@id":"https:\/\/wonderstudios.dk\/#\/schema\/logo\/image\/"},"sameAs":["https:\/\/www.facebook.com\/wonstu"]}]}},"_links":{"self":[{"href":"https:\/\/wonderstudios.dk\/en\/wp-json\/wp\/v2\/product\/1288","targetHints":{"allow":["GET"]}}],"collection":[{"href":"https:\/\/wonderstudios.dk\/en\/wp-json\/wp\/v2\/product"}],"about":[{"href":"https:\/\/wonderstudios.dk\/en\/wp-json\/wp\/v2\/types\/product"}],"author":[{"embeddable":true,"href":"https:\/\/wonderstudios.dk\/en\/wp-json\/wp\/v2\/users\/1"}],"wp:featuredmedia":[{"embeddable":true,"href":"https:\/\/wonderstudios.dk\/en\/wp-json\/wp\/v2\/media\/1289"}],"wp:attachment":[{"href":"https:\/\/wonderstudios.dk\/en\/wp-json\/wp\/v2\/media?parent=1288"}],"wp:term":[{"taxonomy":"product_brand","embeddable":true,"href":"https:\/\/wonderstudios.dk\/en\/wp-json\/wp\/v2\/product_brand?post=1288"},{"taxonomy":"product_cat","embeddable":true,"href":"https:\/\/wonderstudios.dk\/en\/wp-json\/wp\/v2\/product_cat?post=1288"},{"taxonomy":"product_tag","embeddable":true,"href":"https:\/\/wonderstudios.dk\/en\/wp-json\/wp\/v2\/product_tag?post=1288"}],"curies":[{"name":"wp","href":"https:\/\/api.w.org\/{rel}","templated":true}]}}