{"id":1312,"date":"2025-01-04T15:55:54","date_gmt":"2025-01-04T15:55:54","guid":{"rendered":"https:\/\/wonderstudios.dk\/?post_type=product&#038;p=1312"},"modified":"2025-04-11T09:38:13","modified_gmt":"2025-04-11T09:38:13","slug":"paaskefrokost-paa-wonderland","status":"publish","type":"product","link":"https:\/\/wonderstudios.dk\/en\/product\/paaskefrokost-paa-wonderland\/","title":{"rendered":"P\u00e5skefrokost p\u00e5 Wonderland"},"content":{"rendered":"<div class=\"xdj266r x11i5rnm xat24cr x1mh8g0r x1vvkbs\"><span class=\"html-span xexx8yu x4uap5 x18d9i69 xkhd6sd x1hl2dhg x16tdsg8 x1vvkbs x3nfvp2 x1j61x8r x1fcty0u xdj266r xat24cr xgzva0m xhhsvwb xxymvpz xlup9mm x1kky2od\"><img decoding=\"async\" class=\"xz74otr\" src=\"https:\/\/static.xx.fbcdn.net\/images\/emoji.php\/v9\/tee\/2\/16\/2600.png\" alt=\"\u2600\ufe0f\" width=\"16\" height=\"16\" \/><\/span><span class=\"html-span xexx8yu x4uap5 x18d9i69 xkhd6sd x1hl2dhg x16tdsg8 x1vvkbs x3nfvp2 x1j61x8r x1fcty0u xdj266r xat24cr xgzva0m xhhsvwb xxymvpz xlup9mm x1kky2od\"><img decoding=\"async\" class=\"xz74otr\" src=\"https:\/\/static.xx.fbcdn.net\/images\/emoji.php\/v9\/tee\/2\/16\/2600.png\" alt=\"\u2600\ufe0f\" width=\"16\" height=\"16\" \/><\/span>P\u00e5skefrokost p\u00e5 Wonder<span class=\"html-span xexx8yu x4uap5 x18d9i69 xkhd6sd x1hl2dhg x16tdsg8 x1vvkbs x3nfvp2 x1j61x8r x1fcty0u xdj266r xat24cr xgzva0m xhhsvwb xxymvpz xlup9mm x1kky2od\"><img decoding=\"async\" class=\"xz74otr\" src=\"https:\/\/static.xx.fbcdn.net\/images\/emoji.php\/v9\/tee\/2\/16\/2600.png\" alt=\"\u2600\ufe0f\" width=\"16\" height=\"16\" \/><\/span><span class=\"html-span xexx8yu x4uap5 x18d9i69 xkhd6sd x1hl2dhg x16tdsg8 x1vvkbs x3nfvp2 x1j61x8r x1fcty0u xdj266r xat24cr xgzva0m xhhsvwb xxymvpz xlup9mm x1kky2od\"><img decoding=\"async\" class=\"xz74otr\" src=\"https:\/\/static.xx.fbcdn.net\/images\/emoji.php\/v9\/tee\/2\/16\/2600.png\" alt=\"\u2600\ufe0f\" width=\"16\" height=\"16\" \/><\/span><br class=\"html-br\" \/>For\u00e5ret spirer, butikkerne pynter op med gule farver, og Wonder Studios er selvf\u00f8lgelig med p\u00e5 b\u00f8lgen!<br class=\"html-br\" \/>Festudvalget inviterer jer alle til en hyggelig og stemningsfuld p\u00e5skefrokost.<\/div>\n<div class=\"x11i5rnm xat24cr x1mh8g0r x1vvkbs xtlvy1s\">Vi serverer et klassisk p\u00e5skebord med alt, hvad der h\u00f8rer sig til \u2013 selvf\u00f8lgelig ledsaget af snaps!<br class=\"html-br\" \/>Der vil v\u00e6re sjove p\u00e5skelege, herunder \u00e6ggejagt og quiz med mulighed for at vinde sk\u00f8nne pr\u00e6mier.<\/div>\n<div><\/div>\n<div class=\"x11i5rnm xat24cr x1mh8g0r x1vvkbs xtlvy1s\">Praktisk info:<\/div>\n<div class=\"x11i5rnm xat24cr x1mh8g0r x1vvkbs xtlvy1s\">Allergier og madpr\u00e6ferencer? Not\u00e9r det ved tilmeldingen, s\u00e5 vi kan tage hensyn.<\/div>\n<div><\/div>\n<div class=\"x11i5rnm xat24cr x1mh8g0r x1vvkbs xtlvy1s\">Pris: 100 kr. pr. medlem.<\/div>\n<div class=\"x11i5rnm xat24cr x1mh8g0r x1vvkbs xtlvy1s\"><br class=\"html-br\" \/>Som altid vil der v\u00e6re en billig bar ogs\u00e5 mulighed for alkohol fri.<br class=\"html-br\" \/>Gl\u00e6der os til at se jer!<\/div>","protected":false},"excerpt":{"rendered":"<p>P\u00e5skefrokost p\u00e5 WonderFor\u00e5ret spirer, butikkerne pynter op med gule farver, og Wonder Studios er selvf\u00f8lgelig med p\u00e5 b\u00f8lgen!Festudvalget inviterer jer alle til en hyggelig og stemningsfuld p\u00e5skefrokost. Vi serverer et klassisk p\u00e5skebord med alt, hvad der h\u00f8rer sig til \u2013 selvf\u00f8lgelig ledsaget af snaps!Der vil v\u00e6re sjove p\u00e5skelege, herunder \u00e6ggejagt og quiz med mulighed for [&hellip;]<\/p>\n","protected":false},"author":1,"featured_media":1314,"template":"","meta":{"_jet_sm_ready_style":"","_jet_sm_style":"","_jet_sm_controls_values":"","_jet_sm_fonts_collection":"","_jet_sm_fonts_links":""},"product_brand":[],"product_cat":[23,35],"product_tag":[],"class_list":{"0":"post-1312","1":"product","2":"type-product","3":"status-publish","4":"has-post-thumbnail","6":"product_cat-aktiviteter","7":"product_cat-sociale-aktiviteter","9":"first","10":"instock","11":"virtual","12":"purchasable","13":"product-type-simple"},"yoast_head":"<!-- This site is optimized with the Yoast SEO Premium plugin v26.3 (Yoast SEO v27.4) - https:\/\/yoast.com\/product\/yoast-seo-premium-wordpress\/ -->\n<title>P\u00e5skefrokost p\u00e5 Wonderland - Wonder Studios<\/title>\n<meta name=\"robots\" content=\"index, follow, max-snippet:-1, max-image-preview:large, max-video-preview:-1\" \/>\n<link rel=\"canonical\" href=\"https:\/\/wonderstudios.dk\/en\/product\/paaskefrokost-paa-wonderland\/\" \/>\n<meta property=\"og:locale\" content=\"en_US\" \/>\n<meta property=\"og:type\" content=\"article\" \/>\n<meta property=\"og:title\" content=\"P\u00e5skefrokost p\u00e5 Wonderland\" \/>\n<meta property=\"og:description\" content=\"P\u00e5skefrokost p\u00e5 WonderFor\u00e5ret spirer, butikkerne pynter op med gule farver, og Wonder Studios er selvf\u00f8lgelig med p\u00e5 b\u00f8lgen!Festudvalget inviterer jer alle til en hyggelig og stemningsfuld p\u00e5skefrokost. Vi serverer et klassisk p\u00e5skebord med alt, hvad der h\u00f8rer sig til \u2013 selvf\u00f8lgelig ledsaget af snaps!Der vil v\u00e6re sjove p\u00e5skelege, herunder \u00e6ggejagt og quiz med mulighed for [&hellip;]\" \/>\n<meta property=\"og:url\" content=\"https:\/\/wonderstudios.dk\/en\/product\/paaskefrokost-paa-wonderland\/\" \/>\n<meta property=\"og:site_name\" content=\"Wonder Studios\" \/>\n<meta property=\"article:publisher\" content=\"https:\/\/www.facebook.com\/wonstu\" \/>\n<meta property=\"article:modified_time\" content=\"2025-04-11T09:38:13+00:00\" \/>\n<meta property=\"og:image\" content=\"https:\/\/wonderstudios.dk\/wp-content\/uploads\/2025\/01\/paaskefrokost-1024x536.png\" \/>\n\t<meta property=\"og:image:width\" content=\"1024\" \/>\n\t<meta property=\"og:image:height\" content=\"536\" \/>\n\t<meta property=\"og:image:type\" content=\"image\/png\" \/>\n<meta name=\"twitter:card\" content=\"summary_large_image\" \/>\n<meta name=\"twitter:label1\" content=\"Est. reading time\" \/>\n\t<meta name=\"twitter:data1\" content=\"2 minutes\" \/>\n<script type=\"application\/ld+json\" class=\"yoast-schema-graph\">{\"@context\":\"https:\\\/\\\/schema.org\",\"@graph\":[{\"@type\":\"WebPage\",\"@id\":\"https:\\\/\\\/wonderstudios.dk\\\/product\\\/paaskefrokost-paa-wonderland\\\/\",\"url\":\"https:\\\/\\\/wonderstudios.dk\\\/product\\\/paaskefrokost-paa-wonderland\\\/\",\"name\":\"P\u00e5skefrokost p\u00e5 Wonderland - Wonder Studios\",\"isPartOf\":{\"@id\":\"https:\\\/\\\/wonderstudios.dk\\\/#website\"},\"primaryImageOfPage\":{\"@id\":\"https:\\\/\\\/wonderstudios.dk\\\/product\\\/paaskefrokost-paa-wonderland\\\/#primaryimage\"},\"image\":{\"@id\":\"https:\\\/\\\/wonderstudios.dk\\\/product\\\/paaskefrokost-paa-wonderland\\\/#primaryimage\"},\"thumbnailUrl\":\"https:\\\/\\\/wonderstudios.dk\\\/wp-content\\\/uploads\\\/2025\\\/01\\\/paaskefrokost.png\",\"datePublished\":\"2025-01-04T15:55:54+00:00\",\"dateModified\":\"2025-04-11T09:38:13+00:00\",\"breadcrumb\":{\"@id\":\"https:\\\/\\\/wonderstudios.dk\\\/product\\\/paaskefrokost-paa-wonderland\\\/#breadcrumb\"},\"inLanguage\":\"en-US\",\"potentialAction\":[{\"@type\":\"ReadAction\",\"target\":[\"https:\\\/\\\/wonderstudios.dk\\\/product\\\/paaskefrokost-paa-wonderland\\\/\"]}]},{\"@type\":\"ImageObject\",\"inLanguage\":\"en-US\",\"@id\":\"https:\\\/\\\/wonderstudios.dk\\\/product\\\/paaskefrokost-paa-wonderland\\\/#primaryimage\",\"url\":\"https:\\\/\\\/wonderstudios.dk\\\/wp-content\\\/uploads\\\/2025\\\/01\\\/paaskefrokost.png\",\"contentUrl\":\"https:\\\/\\\/wonderstudios.dk\\\/wp-content\\\/uploads\\\/2025\\\/01\\\/paaskefrokost.png\",\"width\":1920,\"height\":1005},{\"@type\":\"BreadcrumbList\",\"@id\":\"https:\\\/\\\/wonderstudios.dk\\\/product\\\/paaskefrokost-paa-wonderland\\\/#breadcrumb\",\"itemListElement\":[{\"@type\":\"ListItem\",\"position\":1,\"name\":\"Home\",\"item\":\"https:\\\/\\\/wonderstudios.dk\\\/\"},{\"@type\":\"ListItem\",\"position\":2,\"name\":\"Shop\",\"item\":\"https:\\\/\\\/wonderstudios.dk\\\/shop\\\/\"},{\"@type\":\"ListItem\",\"position\":3,\"name\":\"P\u00e5skefrokost p\u00e5 Wonderland\"}]},{\"@type\":\"WebSite\",\"@id\":\"https:\\\/\\\/wonderstudios.dk\\\/#website\",\"url\":\"https:\\\/\\\/wonderstudios.dk\\\/\",\"name\":\"Wonder Studios\",\"description\":\"Kulturoplevelser p\u00e5 Lolland-Falster\",\"publisher\":{\"@id\":\"https:\\\/\\\/wonderstudios.dk\\\/#organization\"},\"potentialAction\":[{\"@type\":\"SearchAction\",\"target\":{\"@type\":\"EntryPoint\",\"urlTemplate\":\"https:\\\/\\\/wonderstudios.dk\\\/?s={search_term_string}\"},\"query-input\":{\"@type\":\"PropertyValueSpecification\",\"valueRequired\":true,\"valueName\":\"search_term_string\"}}],\"inLanguage\":\"en-US\"},{\"@type\":\"Organization\",\"@id\":\"https:\\\/\\\/wonderstudios.dk\\\/#organization\",\"name\":\"Wonder Studios\",\"url\":\"https:\\\/\\\/wonderstudios.dk\\\/\",\"logo\":{\"@type\":\"ImageObject\",\"inLanguage\":\"en-US\",\"@id\":\"https:\\\/\\\/wonderstudios.dk\\\/#\\\/schema\\\/logo\\\/image\\\/\",\"url\":\"https:\\\/\\\/wonderstudios.dk\\\/wp-content\\\/uploads\\\/2018\\\/05\\\/wonder_logo.png\",\"contentUrl\":\"https:\\\/\\\/wonderstudios.dk\\\/wp-content\\\/uploads\\\/2018\\\/05\\\/wonder_logo.png\",\"width\":75,\"height\":65,\"caption\":\"Wonder Studios\"},\"image\":{\"@id\":\"https:\\\/\\\/wonderstudios.dk\\\/#\\\/schema\\\/logo\\\/image\\\/\"},\"sameAs\":[\"https:\\\/\\\/www.facebook.com\\\/wonstu\"]}]}<\/script>\n<!-- \/ Yoast SEO Premium plugin. -->","yoast_head_json":{"title":"P\u00e5skefrokost p\u00e5 Wonderland - Wonder Studios","robots":{"index":"index","follow":"follow","max-snippet":"max-snippet:-1","max-image-preview":"max-image-preview:large","max-video-preview":"max-video-preview:-1"},"canonical":"https:\/\/wonderstudios.dk\/en\/product\/paaskefrokost-paa-wonderland\/","og_locale":"en_US","og_type":"article","og_title":"P\u00e5skefrokost p\u00e5 Wonderland","og_description":"P\u00e5skefrokost p\u00e5 WonderFor\u00e5ret spirer, butikkerne pynter op med gule farver, og Wonder Studios er selvf\u00f8lgelig med p\u00e5 b\u00f8lgen!Festudvalget inviterer jer alle til en hyggelig og stemningsfuld p\u00e5skefrokost. Vi serverer et klassisk p\u00e5skebord med alt, hvad der h\u00f8rer sig til \u2013 selvf\u00f8lgelig ledsaget af snaps!Der vil v\u00e6re sjove p\u00e5skelege, herunder \u00e6ggejagt og quiz med mulighed for [&hellip;]","og_url":"https:\/\/wonderstudios.dk\/en\/product\/paaskefrokost-paa-wonderland\/","og_site_name":"Wonder Studios","article_publisher":"https:\/\/www.facebook.com\/wonstu","article_modified_time":"2025-04-11T09:38:13+00:00","og_image":[{"width":1024,"height":536,"url":"https:\/\/wonderstudios.dk\/wp-content\/uploads\/2025\/01\/paaskefrokost-1024x536.png","type":"image\/png"}],"twitter_card":"summary_large_image","twitter_misc":{"Est. reading time":"2 minutes"},"schema":{"@context":"https:\/\/schema.org","@graph":[{"@type":"WebPage","@id":"https:\/\/wonderstudios.dk\/product\/paaskefrokost-paa-wonderland\/","url":"https:\/\/wonderstudios.dk\/product\/paaskefrokost-paa-wonderland\/","name":"P\u00e5skefrokost p\u00e5 Wonderland - Wonder Studios","isPartOf":{"@id":"https:\/\/wonderstudios.dk\/#website"},"primaryImageOfPage":{"@id":"https:\/\/wonderstudios.dk\/product\/paaskefrokost-paa-wonderland\/#primaryimage"},"image":{"@id":"https:\/\/wonderstudios.dk\/product\/paaskefrokost-paa-wonderland\/#primaryimage"},"thumbnailUrl":"https:\/\/wonderstudios.dk\/wp-content\/uploads\/2025\/01\/paaskefrokost.png","datePublished":"2025-01-04T15:55:54+00:00","dateModified":"2025-04-11T09:38:13+00:00","breadcrumb":{"@id":"https:\/\/wonderstudios.dk\/product\/paaskefrokost-paa-wonderland\/#breadcrumb"},"inLanguage":"en-US","potentialAction":[{"@type":"ReadAction","target":["https:\/\/wonderstudios.dk\/product\/paaskefrokost-paa-wonderland\/"]}]},{"@type":"ImageObject","inLanguage":"en-US","@id":"https:\/\/wonderstudios.dk\/product\/paaskefrokost-paa-wonderland\/#primaryimage","url":"https:\/\/wonderstudios.dk\/wp-content\/uploads\/2025\/01\/paaskefrokost.png","contentUrl":"https:\/\/wonderstudios.dk\/wp-content\/uploads\/2025\/01\/paaskefrokost.png","width":1920,"height":1005},{"@type":"BreadcrumbList","@id":"https:\/\/wonderstudios.dk\/product\/paaskefrokost-paa-wonderland\/#breadcrumb","itemListElement":[{"@type":"ListItem","position":1,"name":"Home","item":"https:\/\/wonderstudios.dk\/"},{"@type":"ListItem","position":2,"name":"Shop","item":"https:\/\/wonderstudios.dk\/shop\/"},{"@type":"ListItem","position":3,"name":"P\u00e5skefrokost p\u00e5 Wonderland"}]},{"@type":"WebSite","@id":"https:\/\/wonderstudios.dk\/#website","url":"https:\/\/wonderstudios.dk\/","name":"Wonder Studios","description":"Kulturoplevelser p\u00e5 Lolland-Falster","publisher":{"@id":"https:\/\/wonderstudios.dk\/#organization"},"potentialAction":[{"@type":"SearchAction","target":{"@type":"EntryPoint","urlTemplate":"https:\/\/wonderstudios.dk\/?s={search_term_string}"},"query-input":{"@type":"PropertyValueSpecification","valueRequired":true,"valueName":"search_term_string"}}],"inLanguage":"en-US"},{"@type":"Organization","@id":"https:\/\/wonderstudios.dk\/#organization","name":"Wonder Studios","url":"https:\/\/wonderstudios.dk\/","logo":{"@type":"ImageObject","inLanguage":"en-US","@id":"https:\/\/wonderstudios.dk\/#\/schema\/logo\/image\/","url":"https:\/\/wonderstudios.dk\/wp-content\/uploads\/2018\/05\/wonder_logo.png","contentUrl":"https:\/\/wonderstudios.dk\/wp-content\/uploads\/2018\/05\/wonder_logo.png","width":75,"height":65,"caption":"Wonder Studios"},"image":{"@id":"https:\/\/wonderstudios.dk\/#\/schema\/logo\/image\/"},"sameAs":["https:\/\/www.facebook.com\/wonstu"]}]}},"_links":{"self":[{"href":"https:\/\/wonderstudios.dk\/en\/wp-json\/wp\/v2\/product\/1312","targetHints":{"allow":["GET"]}}],"collection":[{"href":"https:\/\/wonderstudios.dk\/en\/wp-json\/wp\/v2\/product"}],"about":[{"href":"https:\/\/wonderstudios.dk\/en\/wp-json\/wp\/v2\/types\/product"}],"author":[{"embeddable":true,"href":"https:\/\/wonderstudios.dk\/en\/wp-json\/wp\/v2\/users\/1"}],"wp:featuredmedia":[{"embeddable":true,"href":"https:\/\/wonderstudios.dk\/en\/wp-json\/wp\/v2\/media\/1314"}],"wp:attachment":[{"href":"https:\/\/wonderstudios.dk\/en\/wp-json\/wp\/v2\/media?parent=1312"}],"wp:term":[{"taxonomy":"product_brand","embeddable":true,"href":"https:\/\/wonderstudios.dk\/en\/wp-json\/wp\/v2\/product_brand?post=1312"},{"taxonomy":"product_cat","embeddable":true,"href":"https:\/\/wonderstudios.dk\/en\/wp-json\/wp\/v2\/product_cat?post=1312"},{"taxonomy":"product_tag","embeddable":true,"href":"https:\/\/wonderstudios.dk\/en\/wp-json\/wp\/v2\/product_tag?post=1312"}],"curies":[{"name":"wp","href":"https:\/\/api.w.org\/{rel}","templated":true}]}}