{"id":843,"date":"2025-01-02T09:38:13","date_gmt":"2025-01-02T09:38:13","guid":{"rendered":"https:\/\/wonderstudios.dk\/?post_type=product&#038;p=843"},"modified":"2025-03-30T08:20:53","modified_gmt":"2025-03-30T08:20:53","slug":"kostume-og-lejr-bygge-workshop-wonderland","status":"publish","type":"product","link":"https:\/\/wonderstudios.dk\/en\/product\/kostume-og-lejr-bygge-workshop-wonderland\/","title":{"rendered":"Kostume og lejr bygge workshop"},"content":{"rendered":"","protected":false},"excerpt":{"rendered":"<div class=\"xdj266r x11i5rnm xat24cr x1mh8g0r x1vvkbs\">Tilmeld dig vores nye workshops, hvor vi skaber kostumer og scenografier af genanvendte materialer.<\/div>\n<div class=\"x11i5rnm xat24cr x1mh8g0r x1vvkbs xtlvy1s\"><span class=\"html-span xexx8yu x4uap5 x18d9i69 xkhd6sd x1hl2dhg x16tdsg8 x1vvkbs x3nfvp2 x1j61x8r x1fcty0u xdj266r xat24cr xgzva0m xhhsvwb xxymvpz xlup9mm x1kky2od\"><img decoding=\"async\" class=\"xz74otr\" src=\"https:\/\/static.xx.fbcdn.net\/images\/emoji.php\/v9\/tf0\/2\/16\/1f449.png\" alt=\"\ud83d\udc49\" width=\"16\" height=\"16\" \/><\/span>\u00a0Kom og v\u00e6r en del af vores kreative f\u00e6llesskab! M\u00f8d ligesindede, del ideer og v\u00e6r kreativ. Vi gl\u00e6der os til at se dig!<\/div>\n<div class=\"x11i5rnm xat24cr x1mh8g0r x1vvkbs xtlvy1s\">L\u00e6s mere om projekter:<br class=\"html-br\" \/><a class=\"x1i10hfl xjbqb8w x1ejq31n xd10rxx x1sy0etr x17r0tee x972fbf xcfux6l x1qhh985 xm0m39n x9f619 x1ypdohk xt0psk2 xe8uvvx xdj266r x11i5rnm xat24cr x1mh8g0r xexx8yu x4uap5 x18d9i69 xkhd6sd x16tdsg8 x1hl2dhg xggy1nq x1a2a7pz x1sur9pj xkrqix3 x1fey0fg x1s688f\" tabindex=\"0\" role=\"link\" href=\"https:\/\/wonderstudios.dk\/en\/apokalypsen-er-sket-lad-os-se-seje-ud-saa-laenge-vi-lever-det-europaeiske-solidaritetskorps\/?fbclid=IwZXh0bgNhZW0CMTAAAR2E8uqDIRK0BWnrGvfv9AE5vtfag13nUiQyBdNJH_Qyp-f3LaR16yrXCBk_aem_2pHnmdpHcc6TWHuuHNoaiQ\" target=\"_blank\" rel=\"nofollow noopener noreferrer\">https:\/\/wonderstudios.dk\/apokalypsen-er-sket-lad-os-se&#8230;\/<\/a><\/div>\n<div class=\"x11i5rnm xat24cr x1mh8g0r x1vvkbs xtlvy1s\"><\/div>\n<div class=\"x11i5rnm xat24cr x1mh8g0r x1vvkbs xtlvy1s\">ENGLISH:<br class=\"html-br\" \/>Sign up for our new workshops where we create costumes and scenography from recycled materials.<\/div>\n<div class=\"x11i5rnm xat24cr x1mh8g0r x1vvkbs xtlvy1s\"><span class=\"html-span xexx8yu x4uap5 x18d9i69 xkhd6sd x1hl2dhg x16tdsg8 x1vvkbs x3nfvp2 x1j61x8r x1fcty0u xdj266r xat24cr xgzva0m xhhsvwb xxymvpz xlup9mm x1kky2od\"><img decoding=\"async\" class=\"xz74otr\" src=\"https:\/\/static.xx.fbcdn.net\/images\/emoji.php\/v9\/tf0\/2\/16\/1f449.png\" alt=\"\ud83d\udc49\" width=\"16\" height=\"16\" \/><\/span>\u00a0Come and be part of our creative community! Meet like-minded people, share ideas, and be creative. We look forward to seeing you!<\/div>\n<div class=\"x11i5rnm xat24cr x1mh8g0r x1vvkbs xtlvy1s\">Read more about the projects:\u00a0<a class=\"x1i10hfl xjbqb8w x1ejq31n xd10rxx x1sy0etr x17r0tee x972fbf xcfux6l x1qhh985 xm0m39n x9f619 x1ypdohk xt0psk2 xe8uvvx xdj266r x11i5rnm xat24cr x1mh8g0r xexx8yu x4uap5 x18d9i69 xkhd6sd x16tdsg8 x1hl2dhg xggy1nq x1a2a7pz x1sur9pj xkrqix3 x1fey0fg x1s688f\" tabindex=\"0\" role=\"link\" href=\"https:\/\/wonderstudios.dk\/en\/apokalypsen-er-sket-lad-os-se-seje-ud-saa-laenge-vi-lever-det-europaeiske-solidaritetskorps\/?fbclid=IwZXh0bgNhZW0CMTAAAR2n7afgBjsv7BRHslWc5_F1ztY4g3FzSTGkuj2hFVGYmPcDGScGHofzfGQ_aem_nPjTnK4IfOieolsayPZB_g\" target=\"_blank\" rel=\"nofollow noopener noreferrer\">https:\/\/wonderstudios.dk\/apokalypsen-er-sket-lad-os-se&#8230;\/<\/a><\/div>\n<div class=\"x11i5rnm xat24cr x1mh8g0r x1vvkbs xtlvy1s\">#KreativWorkshop #B\u00e6redygtighed #Rollespil #SunfallRollespil<\/div>","protected":false},"author":1,"featured_media":844,"template":"","meta":{"_jet_sm_ready_style":"","_jet_sm_style":"","_jet_sm_controls_values":"","_jet_sm_fonts_collection":"","_jet_sm_fonts_links":""},"product_brand":[],"product_cat":[23,33],"product_tag":[],"class_list":{"0":"post-843","1":"product","2":"type-product","3":"status-publish","4":"has-post-thumbnail","6":"product_cat-aktiviteter","7":"product_cat-workshops","9":"first","10":"instock","11":"virtual","12":"purchasable","13":"product-type-simple"},"yoast_head":"<!-- This site is optimized with the Yoast SEO Premium plugin v26.3 (Yoast SEO v27.4) - https:\/\/yoast.com\/product\/yoast-seo-premium-wordpress\/ -->\n<title>Kostume og lejr bygge workshop - Wonder Studios<\/title>\n<meta name=\"robots\" content=\"index, follow, max-snippet:-1, max-image-preview:large, max-video-preview:-1\" \/>\n<link rel=\"canonical\" href=\"https:\/\/wonderstudios.dk\/en\/product\/kostume-og-lejr-bygge-workshop-wonderland\/\" \/>\n<meta property=\"og:locale\" content=\"en_US\" \/>\n<meta property=\"og:type\" content=\"article\" \/>\n<meta property=\"og:title\" content=\"Kostume og lejr bygge workshop\" \/>\n<meta property=\"og:description\" content=\"Tilmeld dig vores nye workshops, hvor vi skaber kostumer og scenografier af genanvendte materialer. \u00a0Kom og v\u00e6r en del af vores kreative f\u00e6llesskab! M\u00f8d ligesindede, del ideer og v\u00e6r kreativ. Vi gl\u00e6der os til at se dig! L\u00e6s mere om projekter:https:\/\/wonderstudios.dk\/apokalypsen-er-sket-lad-os-se...\/  ENGLISH:Sign up for our new workshops where we create costumes and scenography from recycled materials. \u00a0Come and be part of our creative community! Meet like-minded people, share ideas, and be creative. We look forward to seeing you! Read more about the projects:\u00a0https:\/\/wonderstudios.dk\/apokalypsen-er-sket-lad-os-se...\/ #KreativWorkshop #B\u00e6redygtighed #Rollespil #SunfallRollespil\" \/>\n<meta property=\"og:url\" content=\"https:\/\/wonderstudios.dk\/en\/product\/kostume-og-lejr-bygge-workshop-wonderland\/\" \/>\n<meta property=\"og:site_name\" content=\"Wonder Studios\" \/>\n<meta property=\"article:publisher\" content=\"https:\/\/www.facebook.com\/wonstu\" \/>\n<meta property=\"article:modified_time\" content=\"2025-03-30T08:20:53+00:00\" \/>\n<meta property=\"og:image\" content=\"https:\/\/wonderstudios.dk\/wp-content\/uploads\/2025\/01\/454756041_1005800711552952_7774397546182118475_n-1.jpg\" \/>\n\t<meta property=\"og:image:width\" content=\"1920\" \/>\n\t<meta property=\"og:image:height\" content=\"1005\" \/>\n\t<meta property=\"og:image:type\" content=\"image\/jpeg\" \/>\n<meta name=\"twitter:card\" content=\"summary_large_image\" \/>\n<meta name=\"twitter:label1\" content=\"Est. reading time\" \/>\n\t<meta name=\"twitter:data1\" content=\"1 minute\" \/>\n<script type=\"application\/ld+json\" class=\"yoast-schema-graph\">{\"@context\":\"https:\\\/\\\/schema.org\",\"@graph\":[{\"@type\":\"WebPage\",\"@id\":\"https:\\\/\\\/wonderstudios.dk\\\/product\\\/kostume-og-lejr-bygge-workshop-wonderland\\\/\",\"url\":\"https:\\\/\\\/wonderstudios.dk\\\/product\\\/kostume-og-lejr-bygge-workshop-wonderland\\\/\",\"name\":\"Kostume og lejr bygge workshop - Wonder Studios\",\"isPartOf\":{\"@id\":\"https:\\\/\\\/wonderstudios.dk\\\/#website\"},\"primaryImageOfPage\":{\"@id\":\"https:\\\/\\\/wonderstudios.dk\\\/product\\\/kostume-og-lejr-bygge-workshop-wonderland\\\/#primaryimage\"},\"image\":{\"@id\":\"https:\\\/\\\/wonderstudios.dk\\\/product\\\/kostume-og-lejr-bygge-workshop-wonderland\\\/#primaryimage\"},\"thumbnailUrl\":\"https:\\\/\\\/wonderstudios.dk\\\/wp-content\\\/uploads\\\/2025\\\/01\\\/454756041_1005800711552952_7774397546182118475_n-1.jpg\",\"datePublished\":\"2025-01-02T09:38:13+00:00\",\"dateModified\":\"2025-03-30T08:20:53+00:00\",\"breadcrumb\":{\"@id\":\"https:\\\/\\\/wonderstudios.dk\\\/product\\\/kostume-og-lejr-bygge-workshop-wonderland\\\/#breadcrumb\"},\"inLanguage\":\"en-US\",\"potentialAction\":[{\"@type\":\"ReadAction\",\"target\":[\"https:\\\/\\\/wonderstudios.dk\\\/product\\\/kostume-og-lejr-bygge-workshop-wonderland\\\/\"]}]},{\"@type\":\"ImageObject\",\"inLanguage\":\"en-US\",\"@id\":\"https:\\\/\\\/wonderstudios.dk\\\/product\\\/kostume-og-lejr-bygge-workshop-wonderland\\\/#primaryimage\",\"url\":\"https:\\\/\\\/wonderstudios.dk\\\/wp-content\\\/uploads\\\/2025\\\/01\\\/454756041_1005800711552952_7774397546182118475_n-1.jpg\",\"contentUrl\":\"https:\\\/\\\/wonderstudios.dk\\\/wp-content\\\/uploads\\\/2025\\\/01\\\/454756041_1005800711552952_7774397546182118475_n-1.jpg\",\"width\":1920,\"height\":1005},{\"@type\":\"BreadcrumbList\",\"@id\":\"https:\\\/\\\/wonderstudios.dk\\\/product\\\/kostume-og-lejr-bygge-workshop-wonderland\\\/#breadcrumb\",\"itemListElement\":[{\"@type\":\"ListItem\",\"position\":1,\"name\":\"Home\",\"item\":\"https:\\\/\\\/wonderstudios.dk\\\/\"},{\"@type\":\"ListItem\",\"position\":2,\"name\":\"Shop\",\"item\":\"https:\\\/\\\/wonderstudios.dk\\\/shop\\\/\"},{\"@type\":\"ListItem\",\"position\":3,\"name\":\"Kostume og lejr bygge workshop\"}]},{\"@type\":\"WebSite\",\"@id\":\"https:\\\/\\\/wonderstudios.dk\\\/#website\",\"url\":\"https:\\\/\\\/wonderstudios.dk\\\/\",\"name\":\"Wonder Studios\",\"description\":\"Kulturoplevelser p\u00e5 Lolland-Falster\",\"publisher\":{\"@id\":\"https:\\\/\\\/wonderstudios.dk\\\/#organization\"},\"potentialAction\":[{\"@type\":\"SearchAction\",\"target\":{\"@type\":\"EntryPoint\",\"urlTemplate\":\"https:\\\/\\\/wonderstudios.dk\\\/?s={search_term_string}\"},\"query-input\":{\"@type\":\"PropertyValueSpecification\",\"valueRequired\":true,\"valueName\":\"search_term_string\"}}],\"inLanguage\":\"en-US\"},{\"@type\":\"Organization\",\"@id\":\"https:\\\/\\\/wonderstudios.dk\\\/#organization\",\"name\":\"Wonder Studios\",\"url\":\"https:\\\/\\\/wonderstudios.dk\\\/\",\"logo\":{\"@type\":\"ImageObject\",\"inLanguage\":\"en-US\",\"@id\":\"https:\\\/\\\/wonderstudios.dk\\\/#\\\/schema\\\/logo\\\/image\\\/\",\"url\":\"https:\\\/\\\/wonderstudios.dk\\\/wp-content\\\/uploads\\\/2018\\\/05\\\/wonder_logo.png\",\"contentUrl\":\"https:\\\/\\\/wonderstudios.dk\\\/wp-content\\\/uploads\\\/2018\\\/05\\\/wonder_logo.png\",\"width\":75,\"height\":65,\"caption\":\"Wonder Studios\"},\"image\":{\"@id\":\"https:\\\/\\\/wonderstudios.dk\\\/#\\\/schema\\\/logo\\\/image\\\/\"},\"sameAs\":[\"https:\\\/\\\/www.facebook.com\\\/wonstu\"]}]}<\/script>\n<!-- \/ Yoast SEO Premium plugin. -->","yoast_head_json":{"title":"Kostume og lejr bygge workshop - Wonder Studios","robots":{"index":"index","follow":"follow","max-snippet":"max-snippet:-1","max-image-preview":"max-image-preview:large","max-video-preview":"max-video-preview:-1"},"canonical":"https:\/\/wonderstudios.dk\/en\/product\/kostume-og-lejr-bygge-workshop-wonderland\/","og_locale":"en_US","og_type":"article","og_title":"Kostume og lejr bygge workshop","og_description":"Tilmeld dig vores nye workshops, hvor vi skaber kostumer og scenografier af genanvendte materialer. \u00a0Kom og v\u00e6r en del af vores kreative f\u00e6llesskab! M\u00f8d ligesindede, del ideer og v\u00e6r kreativ. Vi gl\u00e6der os til at se dig! L\u00e6s mere om projekter:https:\/\/wonderstudios.dk\/apokalypsen-er-sket-lad-os-se...\/  ENGLISH:Sign up for our new workshops where we create costumes and scenography from recycled materials. \u00a0Come and be part of our creative community! Meet like-minded people, share ideas, and be creative. We look forward to seeing you! Read more about the projects:\u00a0https:\/\/wonderstudios.dk\/apokalypsen-er-sket-lad-os-se...\/ #KreativWorkshop #B\u00e6redygtighed #Rollespil #SunfallRollespil","og_url":"https:\/\/wonderstudios.dk\/en\/product\/kostume-og-lejr-bygge-workshop-wonderland\/","og_site_name":"Wonder Studios","article_publisher":"https:\/\/www.facebook.com\/wonstu","article_modified_time":"2025-03-30T08:20:53+00:00","og_image":[{"width":1920,"height":1005,"url":"https:\/\/wonderstudios.dk\/wp-content\/uploads\/2025\/01\/454756041_1005800711552952_7774397546182118475_n-1.jpg","type":"image\/jpeg"}],"twitter_card":"summary_large_image","twitter_misc":{"Est. reading time":"1 minute"},"schema":{"@context":"https:\/\/schema.org","@graph":[{"@type":"WebPage","@id":"https:\/\/wonderstudios.dk\/product\/kostume-og-lejr-bygge-workshop-wonderland\/","url":"https:\/\/wonderstudios.dk\/product\/kostume-og-lejr-bygge-workshop-wonderland\/","name":"Kostume og lejr bygge workshop - Wonder Studios","isPartOf":{"@id":"https:\/\/wonderstudios.dk\/#website"},"primaryImageOfPage":{"@id":"https:\/\/wonderstudios.dk\/product\/kostume-og-lejr-bygge-workshop-wonderland\/#primaryimage"},"image":{"@id":"https:\/\/wonderstudios.dk\/product\/kostume-og-lejr-bygge-workshop-wonderland\/#primaryimage"},"thumbnailUrl":"https:\/\/wonderstudios.dk\/wp-content\/uploads\/2025\/01\/454756041_1005800711552952_7774397546182118475_n-1.jpg","datePublished":"2025-01-02T09:38:13+00:00","dateModified":"2025-03-30T08:20:53+00:00","breadcrumb":{"@id":"https:\/\/wonderstudios.dk\/product\/kostume-og-lejr-bygge-workshop-wonderland\/#breadcrumb"},"inLanguage":"en-US","potentialAction":[{"@type":"ReadAction","target":["https:\/\/wonderstudios.dk\/product\/kostume-og-lejr-bygge-workshop-wonderland\/"]}]},{"@type":"ImageObject","inLanguage":"en-US","@id":"https:\/\/wonderstudios.dk\/product\/kostume-og-lejr-bygge-workshop-wonderland\/#primaryimage","url":"https:\/\/wonderstudios.dk\/wp-content\/uploads\/2025\/01\/454756041_1005800711552952_7774397546182118475_n-1.jpg","contentUrl":"https:\/\/wonderstudios.dk\/wp-content\/uploads\/2025\/01\/454756041_1005800711552952_7774397546182118475_n-1.jpg","width":1920,"height":1005},{"@type":"BreadcrumbList","@id":"https:\/\/wonderstudios.dk\/product\/kostume-og-lejr-bygge-workshop-wonderland\/#breadcrumb","itemListElement":[{"@type":"ListItem","position":1,"name":"Home","item":"https:\/\/wonderstudios.dk\/"},{"@type":"ListItem","position":2,"name":"Shop","item":"https:\/\/wonderstudios.dk\/shop\/"},{"@type":"ListItem","position":3,"name":"Kostume og lejr bygge workshop"}]},{"@type":"WebSite","@id":"https:\/\/wonderstudios.dk\/#website","url":"https:\/\/wonderstudios.dk\/","name":"Wonder Studios","description":"Kulturoplevelser p\u00e5 Lolland-Falster","publisher":{"@id":"https:\/\/wonderstudios.dk\/#organization"},"potentialAction":[{"@type":"SearchAction","target":{"@type":"EntryPoint","urlTemplate":"https:\/\/wonderstudios.dk\/?s={search_term_string}"},"query-input":{"@type":"PropertyValueSpecification","valueRequired":true,"valueName":"search_term_string"}}],"inLanguage":"en-US"},{"@type":"Organization","@id":"https:\/\/wonderstudios.dk\/#organization","name":"Wonder Studios","url":"https:\/\/wonderstudios.dk\/","logo":{"@type":"ImageObject","inLanguage":"en-US","@id":"https:\/\/wonderstudios.dk\/#\/schema\/logo\/image\/","url":"https:\/\/wonderstudios.dk\/wp-content\/uploads\/2018\/05\/wonder_logo.png","contentUrl":"https:\/\/wonderstudios.dk\/wp-content\/uploads\/2018\/05\/wonder_logo.png","width":75,"height":65,"caption":"Wonder Studios"},"image":{"@id":"https:\/\/wonderstudios.dk\/#\/schema\/logo\/image\/"},"sameAs":["https:\/\/www.facebook.com\/wonstu"]}]}},"_links":{"self":[{"href":"https:\/\/wonderstudios.dk\/en\/wp-json\/wp\/v2\/product\/843","targetHints":{"allow":["GET"]}}],"collection":[{"href":"https:\/\/wonderstudios.dk\/en\/wp-json\/wp\/v2\/product"}],"about":[{"href":"https:\/\/wonderstudios.dk\/en\/wp-json\/wp\/v2\/types\/product"}],"author":[{"embeddable":true,"href":"https:\/\/wonderstudios.dk\/en\/wp-json\/wp\/v2\/users\/1"}],"wp:featuredmedia":[{"embeddable":true,"href":"https:\/\/wonderstudios.dk\/en\/wp-json\/wp\/v2\/media\/844"}],"wp:attachment":[{"href":"https:\/\/wonderstudios.dk\/en\/wp-json\/wp\/v2\/media?parent=843"}],"wp:term":[{"taxonomy":"product_brand","embeddable":true,"href":"https:\/\/wonderstudios.dk\/en\/wp-json\/wp\/v2\/product_brand?post=843"},{"taxonomy":"product_cat","embeddable":true,"href":"https:\/\/wonderstudios.dk\/en\/wp-json\/wp\/v2\/product_cat?post=843"},{"taxonomy":"product_tag","embeddable":true,"href":"https:\/\/wonderstudios.dk\/en\/wp-json\/wp\/v2\/product_tag?post=843"}],"curies":[{"name":"wp","href":"https:\/\/api.w.org\/{rel}","templated":true}]}}