{"id":8725,"date":"2025-03-30T07:50:07","date_gmt":"2025-03-30T07:50:07","guid":{"rendered":"https:\/\/wonderstudios.dk\/?post_type=product&#038;p=8725"},"modified":"2025-03-30T08:18:00","modified_gmt":"2025-03-30T08:18:00","slug":"post-apocalyptisk-workshop-hos-roskilde-rollespilslaug","status":"publish","type":"product","link":"https:\/\/wonderstudios.dk\/en\/product\/post-apocalyptisk-workshop-hos-roskilde-rollespilslaug\/","title":{"rendered":"Post apocalyptisk workshop hos Roskilde Rollespilslaug"},"content":{"rendered":"<p><span style=\"font-weight: 400;\">Roskilde Rollespilslaug <\/span>inviterer til kreative v\u00e6rkstedsdage i den postapokalyptiske \u00e5nd! Som en del af et samarbejde med Bifrost&#8217;s Fantastiske F\u00e6llesskaber, Wonder Studios, Sunfall og Brimir \u00e5bner vi d\u00f8rene for alle, der har lyst til at bygge og udvikle deres eget kostume og udstyr til postapokalyptisk rollespil.<\/p>\n<p>Uanset om du er ny eller erfaren, er du velkommen til at komme forbi, f\u00e5 inspiration, dele id\u00e9er og arbejde p\u00e5 dit outfit eller props sammen med andre seje n\u00f8rder.<\/p>\n<p>vi gl\u00e6der os til at se dig i v\u00e6rkstedet!<\/p>\n<p>&#8220;Projektet er st\u00f8ttet af Bifrost Fantastiske F\u00e6llesskaber&#8221;<\/p>","protected":false},"excerpt":{"rendered":"<p>Roskilde Rollespilslaug inviterer til kreative v\u00e6rkstedsdage i den postapokalyptiske \u00e5nd! Som en del af et samarbejde med Bifrost&#8217;s Fantastiske F\u00e6llesskaber, Wonder Studios, Sunfall og Brimir \u00e5bner vi d\u00f8rene for alle, der har lyst til at bygge og udvikle deres eget kostume og udstyr til postapokalyptisk rollespil. Uanset om du er ny eller erfaren, er du [&hellip;]<\/p>\n","protected":false},"author":1,"featured_media":8726,"template":"","meta":{"_jet_sm_ready_style":"","_jet_sm_style":"","_jet_sm_controls_values":"","_jet_sm_fonts_collection":"","_jet_sm_fonts_links":""},"product_brand":[],"product_cat":[33],"product_tag":[],"class_list":{"0":"post-8725","1":"product","2":"type-product","3":"status-publish","4":"has-post-thumbnail","6":"product_cat-workshops","8":"first","9":"instock","10":"shipping-taxable","11":"product-type-simple"},"yoast_head":"<!-- This site is optimized with the Yoast SEO Premium plugin v26.3 (Yoast SEO v27.4) - https:\/\/yoast.com\/product\/yoast-seo-premium-wordpress\/ -->\n<title>Post apocalyptisk workshop hos Roskilde Rollespilslaug - Wonder Studios<\/title>\n<meta name=\"robots\" content=\"index, follow, max-snippet:-1, max-image-preview:large, max-video-preview:-1\" \/>\n<link rel=\"canonical\" href=\"https:\/\/wonderstudios.dk\/en\/product\/post-apocalyptisk-workshop-hos-roskilde-rollespilslaug\/\" \/>\n<meta property=\"og:locale\" content=\"en_US\" \/>\n<meta property=\"og:type\" content=\"article\" \/>\n<meta property=\"og:title\" content=\"Post apocalyptisk workshop hos Roskilde Rollespilslaug\" \/>\n<meta property=\"og:description\" content=\"Roskilde Rollespilslaug inviterer til kreative v\u00e6rkstedsdage i den postapokalyptiske \u00e5nd! Som en del af et samarbejde med Bifrost&#8217;s Fantastiske F\u00e6llesskaber, Wonder Studios, Sunfall og Brimir \u00e5bner vi d\u00f8rene for alle, der har lyst til at bygge og udvikle deres eget kostume og udstyr til postapokalyptisk rollespil. Uanset om du er ny eller erfaren, er du [&hellip;]\" \/>\n<meta property=\"og:url\" content=\"https:\/\/wonderstudios.dk\/en\/product\/post-apocalyptisk-workshop-hos-roskilde-rollespilslaug\/\" \/>\n<meta property=\"og:site_name\" content=\"Wonder Studios\" \/>\n<meta property=\"article:publisher\" content=\"https:\/\/www.facebook.com\/wonstu\" \/>\n<meta property=\"article:modified_time\" content=\"2025-03-30T08:18:00+00:00\" \/>\n<meta property=\"og:image\" content=\"https:\/\/wonderstudios.dk\/wp-content\/uploads\/2025\/03\/roskilde-workshops.png\" \/>\n\t<meta property=\"og:image:width\" content=\"1920\" \/>\n\t<meta property=\"og:image:height\" content=\"1005\" \/>\n\t<meta property=\"og:image:type\" content=\"image\/png\" \/>\n<meta name=\"twitter:card\" content=\"summary_large_image\" \/>\n<meta name=\"twitter:label1\" content=\"Est. reading time\" \/>\n\t<meta name=\"twitter:data1\" content=\"1 minute\" \/>\n<script type=\"application\/ld+json\" class=\"yoast-schema-graph\">{\"@context\":\"https:\\\/\\\/schema.org\",\"@graph\":[{\"@type\":\"WebPage\",\"@id\":\"https:\\\/\\\/wonderstudios.dk\\\/product\\\/post-apocalyptisk-workshop-hos-roskilde-rollespilslaug\\\/\",\"url\":\"https:\\\/\\\/wonderstudios.dk\\\/product\\\/post-apocalyptisk-workshop-hos-roskilde-rollespilslaug\\\/\",\"name\":\"Post apocalyptisk workshop hos Roskilde Rollespilslaug - Wonder Studios\",\"isPartOf\":{\"@id\":\"https:\\\/\\\/wonderstudios.dk\\\/#website\"},\"primaryImageOfPage\":{\"@id\":\"https:\\\/\\\/wonderstudios.dk\\\/product\\\/post-apocalyptisk-workshop-hos-roskilde-rollespilslaug\\\/#primaryimage\"},\"image\":{\"@id\":\"https:\\\/\\\/wonderstudios.dk\\\/product\\\/post-apocalyptisk-workshop-hos-roskilde-rollespilslaug\\\/#primaryimage\"},\"thumbnailUrl\":\"https:\\\/\\\/wonderstudios.dk\\\/wp-content\\\/uploads\\\/2025\\\/03\\\/roskilde-workshops.png\",\"datePublished\":\"2025-03-30T07:50:07+00:00\",\"dateModified\":\"2025-03-30T08:18:00+00:00\",\"breadcrumb\":{\"@id\":\"https:\\\/\\\/wonderstudios.dk\\\/product\\\/post-apocalyptisk-workshop-hos-roskilde-rollespilslaug\\\/#breadcrumb\"},\"inLanguage\":\"en-US\",\"potentialAction\":[{\"@type\":\"ReadAction\",\"target\":[\"https:\\\/\\\/wonderstudios.dk\\\/product\\\/post-apocalyptisk-workshop-hos-roskilde-rollespilslaug\\\/\"]}]},{\"@type\":\"ImageObject\",\"inLanguage\":\"en-US\",\"@id\":\"https:\\\/\\\/wonderstudios.dk\\\/product\\\/post-apocalyptisk-workshop-hos-roskilde-rollespilslaug\\\/#primaryimage\",\"url\":\"https:\\\/\\\/wonderstudios.dk\\\/wp-content\\\/uploads\\\/2025\\\/03\\\/roskilde-workshops.png\",\"contentUrl\":\"https:\\\/\\\/wonderstudios.dk\\\/wp-content\\\/uploads\\\/2025\\\/03\\\/roskilde-workshops.png\",\"width\":1920,\"height\":1005},{\"@type\":\"BreadcrumbList\",\"@id\":\"https:\\\/\\\/wonderstudios.dk\\\/product\\\/post-apocalyptisk-workshop-hos-roskilde-rollespilslaug\\\/#breadcrumb\",\"itemListElement\":[{\"@type\":\"ListItem\",\"position\":1,\"name\":\"Home\",\"item\":\"https:\\\/\\\/wonderstudios.dk\\\/\"},{\"@type\":\"ListItem\",\"position\":2,\"name\":\"Shop\",\"item\":\"https:\\\/\\\/wonderstudios.dk\\\/shop\\\/\"},{\"@type\":\"ListItem\",\"position\":3,\"name\":\"Post apocalyptisk workshop hos Roskilde Rollespilslaug\"}]},{\"@type\":\"WebSite\",\"@id\":\"https:\\\/\\\/wonderstudios.dk\\\/#website\",\"url\":\"https:\\\/\\\/wonderstudios.dk\\\/\",\"name\":\"Wonder Studios\",\"description\":\"Kulturoplevelser p\u00e5 Lolland-Falster\",\"publisher\":{\"@id\":\"https:\\\/\\\/wonderstudios.dk\\\/#organization\"},\"potentialAction\":[{\"@type\":\"SearchAction\",\"target\":{\"@type\":\"EntryPoint\",\"urlTemplate\":\"https:\\\/\\\/wonderstudios.dk\\\/?s={search_term_string}\"},\"query-input\":{\"@type\":\"PropertyValueSpecification\",\"valueRequired\":true,\"valueName\":\"search_term_string\"}}],\"inLanguage\":\"en-US\"},{\"@type\":\"Organization\",\"@id\":\"https:\\\/\\\/wonderstudios.dk\\\/#organization\",\"name\":\"Wonder Studios\",\"url\":\"https:\\\/\\\/wonderstudios.dk\\\/\",\"logo\":{\"@type\":\"ImageObject\",\"inLanguage\":\"en-US\",\"@id\":\"https:\\\/\\\/wonderstudios.dk\\\/#\\\/schema\\\/logo\\\/image\\\/\",\"url\":\"https:\\\/\\\/wonderstudios.dk\\\/wp-content\\\/uploads\\\/2018\\\/05\\\/wonder_logo.png\",\"contentUrl\":\"https:\\\/\\\/wonderstudios.dk\\\/wp-content\\\/uploads\\\/2018\\\/05\\\/wonder_logo.png\",\"width\":75,\"height\":65,\"caption\":\"Wonder Studios\"},\"image\":{\"@id\":\"https:\\\/\\\/wonderstudios.dk\\\/#\\\/schema\\\/logo\\\/image\\\/\"},\"sameAs\":[\"https:\\\/\\\/www.facebook.com\\\/wonstu\"]}]}<\/script>\n<!-- \/ Yoast SEO Premium plugin. -->","yoast_head_json":{"title":"Post apocalyptisk workshop hos Roskilde Rollespilslaug - Wonder Studios","robots":{"index":"index","follow":"follow","max-snippet":"max-snippet:-1","max-image-preview":"max-image-preview:large","max-video-preview":"max-video-preview:-1"},"canonical":"https:\/\/wonderstudios.dk\/en\/product\/post-apocalyptisk-workshop-hos-roskilde-rollespilslaug\/","og_locale":"en_US","og_type":"article","og_title":"Post apocalyptisk workshop hos Roskilde Rollespilslaug","og_description":"Roskilde Rollespilslaug inviterer til kreative v\u00e6rkstedsdage i den postapokalyptiske \u00e5nd! Som en del af et samarbejde med Bifrost&#8217;s Fantastiske F\u00e6llesskaber, Wonder Studios, Sunfall og Brimir \u00e5bner vi d\u00f8rene for alle, der har lyst til at bygge og udvikle deres eget kostume og udstyr til postapokalyptisk rollespil. Uanset om du er ny eller erfaren, er du [&hellip;]","og_url":"https:\/\/wonderstudios.dk\/en\/product\/post-apocalyptisk-workshop-hos-roskilde-rollespilslaug\/","og_site_name":"Wonder Studios","article_publisher":"https:\/\/www.facebook.com\/wonstu","article_modified_time":"2025-03-30T08:18:00+00:00","og_image":[{"width":1920,"height":1005,"url":"https:\/\/wonderstudios.dk\/wp-content\/uploads\/2025\/03\/roskilde-workshops.png","type":"image\/png"}],"twitter_card":"summary_large_image","twitter_misc":{"Est. reading time":"1 minute"},"schema":{"@context":"https:\/\/schema.org","@graph":[{"@type":"WebPage","@id":"https:\/\/wonderstudios.dk\/product\/post-apocalyptisk-workshop-hos-roskilde-rollespilslaug\/","url":"https:\/\/wonderstudios.dk\/product\/post-apocalyptisk-workshop-hos-roskilde-rollespilslaug\/","name":"Post apocalyptisk workshop hos Roskilde Rollespilslaug - Wonder Studios","isPartOf":{"@id":"https:\/\/wonderstudios.dk\/#website"},"primaryImageOfPage":{"@id":"https:\/\/wonderstudios.dk\/product\/post-apocalyptisk-workshop-hos-roskilde-rollespilslaug\/#primaryimage"},"image":{"@id":"https:\/\/wonderstudios.dk\/product\/post-apocalyptisk-workshop-hos-roskilde-rollespilslaug\/#primaryimage"},"thumbnailUrl":"https:\/\/wonderstudios.dk\/wp-content\/uploads\/2025\/03\/roskilde-workshops.png","datePublished":"2025-03-30T07:50:07+00:00","dateModified":"2025-03-30T08:18:00+00:00","breadcrumb":{"@id":"https:\/\/wonderstudios.dk\/product\/post-apocalyptisk-workshop-hos-roskilde-rollespilslaug\/#breadcrumb"},"inLanguage":"en-US","potentialAction":[{"@type":"ReadAction","target":["https:\/\/wonderstudios.dk\/product\/post-apocalyptisk-workshop-hos-roskilde-rollespilslaug\/"]}]},{"@type":"ImageObject","inLanguage":"en-US","@id":"https:\/\/wonderstudios.dk\/product\/post-apocalyptisk-workshop-hos-roskilde-rollespilslaug\/#primaryimage","url":"https:\/\/wonderstudios.dk\/wp-content\/uploads\/2025\/03\/roskilde-workshops.png","contentUrl":"https:\/\/wonderstudios.dk\/wp-content\/uploads\/2025\/03\/roskilde-workshops.png","width":1920,"height":1005},{"@type":"BreadcrumbList","@id":"https:\/\/wonderstudios.dk\/product\/post-apocalyptisk-workshop-hos-roskilde-rollespilslaug\/#breadcrumb","itemListElement":[{"@type":"ListItem","position":1,"name":"Home","item":"https:\/\/wonderstudios.dk\/"},{"@type":"ListItem","position":2,"name":"Shop","item":"https:\/\/wonderstudios.dk\/shop\/"},{"@type":"ListItem","position":3,"name":"Post apocalyptisk workshop hos Roskilde Rollespilslaug"}]},{"@type":"WebSite","@id":"https:\/\/wonderstudios.dk\/#website","url":"https:\/\/wonderstudios.dk\/","name":"Wonder Studios","description":"Kulturoplevelser p\u00e5 Lolland-Falster","publisher":{"@id":"https:\/\/wonderstudios.dk\/#organization"},"potentialAction":[{"@type":"SearchAction","target":{"@type":"EntryPoint","urlTemplate":"https:\/\/wonderstudios.dk\/?s={search_term_string}"},"query-input":{"@type":"PropertyValueSpecification","valueRequired":true,"valueName":"search_term_string"}}],"inLanguage":"en-US"},{"@type":"Organization","@id":"https:\/\/wonderstudios.dk\/#organization","name":"Wonder Studios","url":"https:\/\/wonderstudios.dk\/","logo":{"@type":"ImageObject","inLanguage":"en-US","@id":"https:\/\/wonderstudios.dk\/#\/schema\/logo\/image\/","url":"https:\/\/wonderstudios.dk\/wp-content\/uploads\/2018\/05\/wonder_logo.png","contentUrl":"https:\/\/wonderstudios.dk\/wp-content\/uploads\/2018\/05\/wonder_logo.png","width":75,"height":65,"caption":"Wonder Studios"},"image":{"@id":"https:\/\/wonderstudios.dk\/#\/schema\/logo\/image\/"},"sameAs":["https:\/\/www.facebook.com\/wonstu"]}]}},"_links":{"self":[{"href":"https:\/\/wonderstudios.dk\/en\/wp-json\/wp\/v2\/product\/8725","targetHints":{"allow":["GET"]}}],"collection":[{"href":"https:\/\/wonderstudios.dk\/en\/wp-json\/wp\/v2\/product"}],"about":[{"href":"https:\/\/wonderstudios.dk\/en\/wp-json\/wp\/v2\/types\/product"}],"author":[{"embeddable":true,"href":"https:\/\/wonderstudios.dk\/en\/wp-json\/wp\/v2\/users\/1"}],"wp:featuredmedia":[{"embeddable":true,"href":"https:\/\/wonderstudios.dk\/en\/wp-json\/wp\/v2\/media\/8726"}],"wp:attachment":[{"href":"https:\/\/wonderstudios.dk\/en\/wp-json\/wp\/v2\/media?parent=8725"}],"wp:term":[{"taxonomy":"product_brand","embeddable":true,"href":"https:\/\/wonderstudios.dk\/en\/wp-json\/wp\/v2\/product_brand?post=8725"},{"taxonomy":"product_cat","embeddable":true,"href":"https:\/\/wonderstudios.dk\/en\/wp-json\/wp\/v2\/product_cat?post=8725"},{"taxonomy":"product_tag","embeddable":true,"href":"https:\/\/wonderstudios.dk\/en\/wp-json\/wp\/v2\/product_tag?post=8725"}],"curies":[{"name":"wp","href":"https:\/\/api.w.org\/{rel}","templated":true}]}}